{"id":7422,"date":"2024-10-30T10:05:51","date_gmt":"2024-10-30T10:05:51","guid":{"rendered":"https:\/\/ripadent.com\/?page_id=7422"},"modified":"2025-04-09T13:41:03","modified_gmt":"2025-04-09T13:41:03","slug":"invisible-braces","status":"publish","type":"page","link":"https:\/\/ripadent.com\/it\/services\/invisible-braces\/","title":{"rendered":"Apparecchi Invisibili"},"content":{"rendered":"<div data-elementor-type=\"wp-page\" data-elementor-id=\"7422\" class=\"elementor elementor-7422\">\n\t\t\t\t<div class=\"elementor-element elementor-element-c1dd130 e-flex e-con-boxed e-con e-parent\" data-id=\"c1dd130\" data-element_type=\"container\" data-e-type=\"container\" data-settings=\"{&quot;background_background&quot;:&quot;classic&quot;}\">\n\t\t\t\t\t<div class=\"e-con-inner\">\n\t\t<div class=\"elementor-element elementor-element-16180b5 e-con-full e-flex e-con e-child\" data-id=\"16180b5\" data-element_type=\"container\" data-e-type=\"container\">\n\t\t\t\t<div class=\"elementor-element elementor-element-888a6ab at-heading-animation at-animation-heading-style-3 elementor-widget elementor-widget-heading\" data-id=\"888a6ab\" data-element_type=\"widget\" data-e-type=\"widget\" data-settings=\"{&quot;ekit_we_effect_on&quot;:&quot;none&quot;}\" data-widget_type=\"heading.default\">\n\t\t\t\t<div class=\"elementor-widget-container\">\n\t\t\t\t\t<h1 class=\"elementor-heading-title elementor-size-default\">Apparecchi Invisibili<\/h1>\t\t\t\t<\/div>\n\t\t\t\t<\/div>\n\t\t\t\t<div class=\"elementor-element elementor-element-f56ebed elementor-invisible elementor-widget elementor-widget-elementskit-breadcrumb\" data-id=\"f56ebed\" data-element_type=\"widget\" data-e-type=\"widget\" data-settings=\"{&quot;_animation&quot;:&quot;fadeInUp&quot;,&quot;ekit_we_effect_on&quot;:&quot;none&quot;}\" data-widget_type=\"elementskit-breadcrumb.default\">\n\t\t\t\t<div class=\"elementor-widget-container\">\n\t\t\t\t\t<div class=\"ekit-wid-con\" ><ol class=\"ekit-breadcrumb\"><li class=\"ekit_breadcrumbs_start\"><a href=\"https:\/\/ripadent.com\/it\" data-no-translation=\"\" data-trp-gettext=\"\">Home<\/a><\/li> <li class=\"brd_sep\"><span class=\"separate_icon\"><svg xmlns=\"http:\/\/www.w3.org\/2000\/svg\" width=\"6\" height=\"11\" viewbox=\"0 0 6 11\"><path d=\"M0.47836 9.94636L2.28556 5.06251L4.09276 0.178656L5.17933 0.256117L1.56493 10.0238L0.47836 9.94636Z\" fill=\"white\"><\/path><\/svg><\/span><\/li> <li><a href=\"https:\/\/ripadent.com\/it\/services\/\" title=\"Servizi\">Servizi<\/a><\/li> <li class=\"brd_sep\"><span class=\"separate_icon\"><svg xmlns=\"http:\/\/www.w3.org\/2000\/svg\" width=\"6\" height=\"11\" viewbox=\"0 0 6 11\"><path d=\"M0.47836 9.94636L2.28556 5.06251L4.09276 0.178656L5.17933 0.256117L1.56493 10.0238L0.47836 9.94636Z\" fill=\"white\"><\/path><\/svg><\/span><\/li>  <li>Apparecchi Invisibili<\/li><\/ol><\/div>\t\t\t\t<\/div>\n\t\t\t\t<\/div>\n\t\t\t\t<\/div>\n\t\t\t\t\t<\/div>\n\t\t\t\t<\/div>\n\t\t<div class=\"elementor-element elementor-element-ffbd936 e-flex e-con-boxed e-con e-parent\" data-id=\"ffbd936\" data-element_type=\"container\" data-e-type=\"container\">\n\t\t\t\t\t<div class=\"e-con-inner\">\n\t\t<div class=\"elementor-element elementor-element-ce0491a e-con-full e-flex e-con e-child\" data-id=\"ce0491a\" data-element_type=\"container\" data-e-type=\"container\">\n\t\t<div class=\"elementor-element elementor-element-62c69ea e-con-full e-flex e-con e-child\" data-id=\"62c69ea\" data-element_type=\"container\" data-e-type=\"container\">\n\t\t\t\t<div class=\"elementor-element elementor-element-4b739bc v2-service-slider-image elementor-invisible elementor-widget elementor-widget-image-carousel\" data-id=\"4b739bc\" data-element_type=\"widget\" data-e-type=\"widget\" data-settings=\"{&quot;slides_to_show&quot;:&quot;1&quot;,&quot;navigation&quot;:&quot;none&quot;,&quot;_animation&quot;:&quot;fadeIn&quot;,&quot;_animation_delay&quot;:200,&quot;autoplay_speed&quot;:2000,&quot;autoplay&quot;:&quot;yes&quot;,&quot;pause_on_interaction&quot;:&quot;yes&quot;,&quot;infinite&quot;:&quot;yes&quot;,&quot;effect&quot;:&quot;slide&quot;,&quot;speed&quot;:500,&quot;ekit_we_effect_on&quot;:&quot;none&quot;}\" data-widget_type=\"image-carousel.default\">\n\t\t\t\t<div class=\"elementor-widget-container\">\n\t\t\t\t\t\t\t<div class=\"elementor-image-carousel-wrapper swiper\" role=\"region\" aria-roledescription=\"carousel\" aria-label=\"Image Carousel\" dir=\"ltr\">\n\t\t\t<div class=\"elementor-image-carousel swiper-wrapper swiper-image-stretch\" aria-live=\"off\">\n\t\t\t\t\t\t\t\t<div class=\"swiper-slide\" role=\"group\" aria-roledescription=\"slide\" aria-label=\"1 di 2\" data-no-translation-aria-label=\"\"><figure class=\"swiper-slide-inner\"><img decoding=\"async\" class=\"swiper-slide-image\" src=\"https:\/\/ripadent.com\/wp-content\/uploads\/2024\/10\/iStock-1429256190-e.jpg\" alt=\"1429256190\" \/><\/figure><\/div><div class=\"swiper-slide\" role=\"group\" aria-roledescription=\"slide\" aria-label=\"2 di 2\" data-no-translation-aria-label=\"\"><figure class=\"swiper-slide-inner\"><img decoding=\"async\" class=\"swiper-slide-image\" src=\"https:\/\/ripadent.com\/wp-content\/uploads\/2024\/10\/invisalign-braces.webp\" alt=\"invisalign-braces\" \/><\/figure><\/div>\t\t\t<\/div>\n\t\t\t\t\t\t\t\n\t\t\t\t\t\t\t\t\t<\/div>\n\t\t\t\t\t\t<\/div>\n\t\t\t\t<\/div>\n\t\t\t\t<\/div>\n\t\t<div class=\"elementor-element elementor-element-63614c9 e-con-full e-flex e-con e-child\" data-id=\"63614c9\" data-element_type=\"container\" data-e-type=\"container\">\n\t\t\t\t<div class=\"elementor-element elementor-element-ebfee78 elementor-invisible elementor-widget elementor-widget-text-editor\" data-id=\"ebfee78\" data-element_type=\"widget\" data-e-type=\"widget\" data-settings=\"{&quot;_animation&quot;:&quot;fadeInUp&quot;,&quot;ekit_we_effect_on&quot;:&quot;none&quot;}\" data-widget_type=\"text-editor.default\">\n\t\t\t\t<div class=\"elementor-widget-container\">\n\t\t\t\t\t\t\t\t\t<p>Gli apparecchi invisibili, noti anche come allineatori trasparenti, sono una moderna soluzione ortodontica progettata per raddrizzare i denti in modo discreto e confortevole. A differenza dei tradizionali apparecchi metallici, gli apparecchi invisibili sono realizzati in plastica trasparente e liscia, il che li rende praticamente invisibili quando indossati. Questo approccio innovativo consente ai pazienti di ottenere un bel sorriso senza i problemi estetici associati a staffe e fili metallici. Il processo inizia con una consulenza in cui il dentista valuter\u00e0 le tue esigenze dentali e creer\u00e0 un piano di trattamento personalizzato. Utilizzando la tecnologia di imaging 3D avanzata, i tuoi allineatori saranno progettati specificamente per i tuoi denti, garantendo una vestibilit\u00e0 precisa. I pazienti in genere indossano ogni set di allineatori per circa una o due settimane, spostando gradualmente i denti nella posizione desiderata. Controlli regolari con il dentista assicurano che i progressi siano sulla buona strada.<\/p>\t\t\t\t\t\t\t\t<\/div>\n\t\t\t\t<\/div>\n\t\t\t\t<div class=\"elementor-element elementor-element-502453b at-heading-animation at-animation-heading-style-3 elementor-widget elementor-widget-heading\" data-id=\"502453b\" data-element_type=\"widget\" data-e-type=\"widget\" data-settings=\"{&quot;ekit_we_effect_on&quot;:&quot;none&quot;}\" data-widget_type=\"heading.default\">\n\t\t\t\t<div class=\"elementor-widget-container\">\n\t\t\t\t\t<h2 class=\"elementor-heading-title elementor-size-default\">Principali Vantaggi Degli Apparecchi Invisibili<\/h2>\t\t\t\t<\/div>\n\t\t\t\t<\/div>\n\t\t\t\t<div class=\"elementor-element elementor-element-902e085 elementor-invisible elementor-widget elementor-widget-text-editor\" data-id=\"902e085\" data-element_type=\"widget\" data-e-type=\"widget\" data-settings=\"{&quot;_animation&quot;:&quot;fadeInUp&quot;,&quot;_animation_delay&quot;:100,&quot;ekit_we_effect_on&quot;:&quot;none&quot;}\" data-widget_type=\"text-editor.default\">\n\t\t\t\t<div class=\"elementor-widget-container\">\n\t\t\t\t\t\t\t\t\t<p>Gli allineatori trasparenti sono praticamente invisibili, consentendo ai pazienti di raddrizzare i denti senza l'aspetto evidente dei tradizionali apparecchi metallici. Questo vantaggio estetico li rende particolarmente popolari tra adulti e adolescenti che potrebbero sentirsi a disagio con il loro sorriso durante il trattamento. Il comfort \u00e8 un altro vantaggio fondamentale, poich\u00e9 gli allineatori sono realizzati in plastica liscia che riduce l'irritazione spesso causata da attacchi e fili metallici. Ci\u00f2 si traduce in un'esperienza pi\u00f9 piacevole durante tutto il processo di trattamento. Inoltre, gli apparecchi invisibili sono rimovibili, rendendo facile per i pazienti mantenere una buona igiene orale consentendo loro di spazzolare e passare il filo interdentale senza ostruzioni. Questa caratteristica significa anche che puoi gustare i tuoi cibi preferiti senza le restrizioni che derivano dagli apparecchi tradizionali. Inoltre, ogni set di allineatori \u00e8 realizzato su misura utilizzando la tecnologia di imaging 3D avanzata, garantendo che il trattamento sia adattato specificamente alle tue esigenze dentali per risultati ottimali. I pazienti beneficiano anche di meno visite in studio rispetto agli apparecchi tradizionali, poich\u00e9 non sono necessarie regolazioni regolari. Invece, i progressi vengono monitorati durante controlli periodici, facendoti risparmiare tempo e rendendo l'esperienza complessiva pi\u00f9 comoda. Nel complesso, gli apparecchi invisibili combinano efficacia con comfort e praticit\u00e0, rendendoli una scelta eccellente per le persone che desiderano ottenere un sorriso pi\u00f9 dritto mantenendo la propria sicurezza durante tutto il trattamento.<\/p>\t\t\t\t\t\t\t\t<\/div>\n\t\t\t\t<\/div>\n\t\t\t\t<\/div>\n\t\t<div class=\"elementor-element elementor-element-f0b1d66 e-con-full e-flex e-con e-child\" data-id=\"f0b1d66\" data-element_type=\"container\" data-e-type=\"container\">\n\t\t\t\t<div class=\"elementor-element elementor-element-96b2dfe elementor-widget__width-initial elementor-icon-list--layout-traditional elementor-list-item-link-full_width elementor-invisible elementor-widget elementor-widget-icon-list\" data-id=\"96b2dfe\" data-element_type=\"widget\" data-e-type=\"widget\" data-settings=\"{&quot;_animation&quot;:&quot;fadeInUp&quot;,&quot;_animation_delay&quot;:100,&quot;ekit_we_effect_on&quot;:&quot;none&quot;}\" data-widget_type=\"icon-list.default\">\n\t\t\t\t<div class=\"elementor-widget-container\">\n\t\t\t\t\t\t\t<ul class=\"elementor-icon-list-items\">\n\t\t\t\t\t\t\t<li class=\"elementor-icon-list-item\">\n\t\t\t\t\t\t\t\t\t\t\t<span class=\"elementor-icon-list-icon\">\n\t\t\t\t\t\t\t<i aria-hidden=\"true\" class=\"fas fa-check-square\"><\/i>\t\t\t\t\t\t<\/span>\n\t\t\t\t\t\t\t\t\t\t<span class=\"elementor-icon-list-text\">Aspetto Discreto<\/span>\n\t\t\t\t\t\t\t\t\t<\/li>\n\t\t\t\t\t\t\t\t<li class=\"elementor-icon-list-item\">\n\t\t\t\t\t\t\t\t\t\t\t<span class=\"elementor-icon-list-icon\">\n\t\t\t\t\t\t\t<i aria-hidden=\"true\" class=\"fas fa-check-square\"><\/i>\t\t\t\t\t\t<\/span>\n\t\t\t\t\t\t\t\t\t\t<span class=\"elementor-icon-list-text\">Rimovibile<\/span>\n\t\t\t\t\t\t\t\t\t<\/li>\n\t\t\t\t\t\t\t\t<li class=\"elementor-icon-list-item\">\n\t\t\t\t\t\t\t\t\t\t\t<span class=\"elementor-icon-list-icon\">\n\t\t\t\t\t\t\t<i aria-hidden=\"true\" class=\"fas fa-check-square\"><\/i>\t\t\t\t\t\t<\/span>\n\t\t\t\t\t\t\t\t\t\t<span class=\"elementor-icon-list-text\">Trattamento Personalizzato<\/span>\n\t\t\t\t\t\t\t\t\t<\/li>\n\t\t\t\t\t\t\t\t<li class=\"elementor-icon-list-item\">\n\t\t\t\t\t\t\t\t\t\t\t<span class=\"elementor-icon-list-icon\">\n\t\t\t\t\t\t\t<i aria-hidden=\"true\" class=\"fas fa-check-square\"><\/i>\t\t\t\t\t\t<\/span>\n\t\t\t\t\t\t\t\t\t\t<span class=\"elementor-icon-list-text\">Meno Visite Dal Dentista<\/span>\n\t\t\t\t\t\t\t\t\t<\/li>\n\t\t\t\t\t\t\t\t<li class=\"elementor-icon-list-item\">\n\t\t\t\t\t\t\t\t\t\t\t<span class=\"elementor-icon-list-icon\">\n\t\t\t\t\t\t\t<i aria-hidden=\"true\" class=\"fas fa-check-square\"><\/i>\t\t\t\t\t\t<\/span>\n\t\t\t\t\t\t\t\t\t\t<span class=\"elementor-icon-list-text\">Comfort<\/span>\n\t\t\t\t\t\t\t\t\t<\/li>\n\t\t\t\t\t\t<\/ul>\n\t\t\t\t\t\t<\/div>\n\t\t\t\t<\/div>\n\t\t\t\t<\/div>\n\t\t<div class=\"elementor-element elementor-element-b907b97 e-con-full e-flex e-con e-child\" data-id=\"b907b97\" data-element_type=\"container\" data-e-type=\"container\">\n\t\t\t\t<div class=\"elementor-element elementor-element-31efc18 elementor-position-left elementor-vertical-align-middle elementor-invisible elementor-widget elementor-widget-image-box\" data-id=\"31efc18\" data-element_type=\"widget\" data-e-type=\"widget\" data-settings=\"{&quot;_animation&quot;:&quot;fadeInUp&quot;,&quot;ekit_we_effect_on&quot;:&quot;none&quot;}\" data-widget_type=\"image-box.default\">\n\t\t\t\t<div class=\"elementor-widget-container\">\n\t\t\t\t\t<div class=\"elementor-image-box-wrapper\"><figure class=\"elementor-image-box-img\"><img fetchpriority=\"high\" decoding=\"async\" width=\"459\" height=\"460\" src=\"https:\/\/ripadent.com\/wp-content\/uploads\/2025\/04\/Artboard-4.png\" class=\"attachment-full size-full wp-image-8713\" alt=\"\" srcset=\"https:\/\/ripadent.com\/wp-content\/uploads\/2025\/04\/Artboard-4.png 459w, https:\/\/ripadent.com\/wp-content\/uploads\/2025\/04\/Artboard-4-300x300.png 300w, https:\/\/ripadent.com\/wp-content\/uploads\/2025\/04\/Artboard-4-150x150.png 150w, https:\/\/ripadent.com\/wp-content\/uploads\/2025\/04\/Artboard-4-12x12.png 12w\" sizes=\"(max-width: 459px) 100vw, 459px\" \/><\/figure><div class=\"elementor-image-box-content\"><h3 class=\"elementor-image-box-title\">Faqs<\/h3><\/div><\/div>\t\t\t\t<\/div>\n\t\t\t\t<\/div>\n\t\t\t\t<div class=\"elementor-element elementor-element-d43fa73 at-heading-animation at-animation-heading-style-3 elementor-widget elementor-widget-heading\" data-id=\"d43fa73\" data-element_type=\"widget\" data-e-type=\"widget\" data-settings=\"{&quot;ekit_we_effect_on&quot;:&quot;none&quot;}\" data-widget_type=\"heading.default\">\n\t\t\t\t<div class=\"elementor-widget-container\">\n\t\t\t\t\t<h2 class=\"elementor-heading-title elementor-size-default\">Tutto quello che devi sapere sugli apparecchi invisibili<\/h2>\t\t\t\t<\/div>\n\t\t\t\t<\/div>\n\t\t\t\t<div class=\"elementor-element elementor-element-14d5da6 v2-our-faqs-accordion elementor-widget elementor-widget-elementskit-accordion\" data-id=\"14d5da6\" data-element_type=\"widget\" data-e-type=\"widget\" data-settings=\"{&quot;ekit_we_effect_on&quot;:&quot;none&quot;}\" data-widget_type=\"elementskit-accordion.default\">\n\t\t\t\t<div class=\"elementor-widget-container\">\n\t\t\t\t\t<div class=\"ekit-wid-con\" >\n        <div class=\"elementskit-accordion accoedion-primary\" id=\"accordion-69e13a6251981\">\n\n            \n                <div class=\"elementskit-card active\">\n                    <div class=\"elementskit-card-header\" id=\"primaryHeading-0-14d5da6\">\n                        <a href=\"#collapse-9dcfa4d69e13a6251981\" class=\"ekit-accordion--toggler elementskit-btn-link collapsed\" data-ekit-toggle=\"collapse\" data-target=\"#Collapse-9dcfa4d69e13a6251981\" aria-expanded=\"true\" aria-controls=\"Collapse-9dcfa4d69e13a6251981\">\n                            \n                            <span class=\"ekit-accordion-title\">Quanto dura il trattamento con l'apparecchio ortodontico invisibile?<\/span>\n\n                            \n                                <div class=\"ekit_accordion_icon_group\">\n                                    <div class=\"ekit_accordion_normal_icon\">\n                                        <!-- Normal Icon -->\n\t\t\t\t\t\t\t\t\t\t<i class=\"fas fa-plus\"><\/i>                                    <\/div>\n\n                                    <div class=\"ekit_accordion_active_icon\">\n                                        <!-- Active Icon -->\n\t\t\t\t\t\t\t\t\t\t<i class=\"fas fa-minus\"><\/i>                                    <\/div>\n                                <\/div>\n\n                            \n                                                    <\/a>\n                    <\/div>\n\n                    <div id=\"Collapse-9dcfa4d69e13a6251981\" class=\"show collapse\" aria-labelledby=\"primaryHeading-0-14d5da6\" data-parent=\"#accordion-69e13a6251981\">\n\n                        <div class=\"elementskit-card-body ekit-accordion--content\">\n                            <p>La durata varia da individuo a individuo, ma la maggior parte dei trattamenti dura in genere dai 6 ai 18 mesi.<\/p>                        <\/div>\n\n                    <\/div>\n\n                <\/div><!-- .elementskit-card END -->\n\n                \n                <div class=\"elementskit-card\">\n                    <div class=\"elementskit-card-header\" id=\"primaryHeading-1-14d5da6\">\n                        <a href=\"#collapse-ae70aa869e13a6251981\" class=\"ekit-accordion--toggler elementskit-btn-link collapsed\" data-ekit-toggle=\"collapse\" data-target=\"#Collapse-ae70aa869e13a6251981\" aria-expanded=\"false\" aria-controls=\"Collapse-ae70aa869e13a6251981\">\n                            \n                            <span class=\"ekit-accordion-title\">Gli apparecchi invisibili sono adatti a tutti?<\/span>\n\n                            \n                                <div class=\"ekit_accordion_icon_group\">\n                                    <div class=\"ekit_accordion_normal_icon\">\n                                        <!-- Normal Icon -->\n\t\t\t\t\t\t\t\t\t\t<i class=\"fas fa-plus\"><\/i>                                    <\/div>\n\n                                    <div class=\"ekit_accordion_active_icon\">\n                                        <!-- Active Icon -->\n\t\t\t\t\t\t\t\t\t\t<i class=\"fas fa-minus\"><\/i>                                    <\/div>\n                                <\/div>\n\n                            \n                                                    <\/a>\n                    <\/div>\n\n                    <div id=\"Collapse-ae70aa869e13a6251981\" class=\"collapse\" aria-labelledby=\"primaryHeading-1-14d5da6\" data-parent=\"#accordion-69e13a6251981\">\n\n                        <div class=\"elementskit-card-body ekit-accordion--content\">\n                            <p>Mentre molti pazienti possono trarre beneficio dagli apparecchi invisibili, i casi complessi potrebbero richiedere metodi ortodontici tradizionali. Il tuo dentista valuter\u00e0 le tue esigenze specifiche durante la visita.<\/p>                        <\/div>\n\n                    <\/div>\n\n                <\/div><!-- .elementskit-card END -->\n\n                \n                <div class=\"elementskit-card\">\n                    <div class=\"elementskit-card-header\" id=\"primaryHeading-2-14d5da6\">\n                        <a href=\"#collapse-bcee0f169e13a6251981\" class=\"ekit-accordion--toggler elementskit-btn-link collapsed\" data-ekit-toggle=\"collapse\" data-target=\"#Collapse-bcee0f169e13a6251981\" aria-expanded=\"false\" aria-controls=\"Collapse-bcee0f169e13a6251981\">\n                            \n                            <span class=\"ekit-accordion-title\">Con quale frequenza dovrei indossare gli allineatori?<\/span>\n\n                            \n                                <div class=\"ekit_accordion_icon_group\">\n                                    <div class=\"ekit_accordion_normal_icon\">\n                                        <!-- Normal Icon -->\n\t\t\t\t\t\t\t\t\t\t<i class=\"fas fa-plus\"><\/i>                                    <\/div>\n\n                                    <div class=\"ekit_accordion_active_icon\">\n                                        <!-- Active Icon -->\n\t\t\t\t\t\t\t\t\t\t<i class=\"fas fa-minus\"><\/i>                                    <\/div>\n                                <\/div>\n\n                            \n                                                    <\/a>\n                    <\/div>\n\n                    <div id=\"Collapse-bcee0f169e13a6251981\" class=\"collapse\" aria-labelledby=\"primaryHeading-2-14d5da6\" data-parent=\"#accordion-69e13a6251981\">\n\n                        <div class=\"elementskit-card-body ekit-accordion--content\">\n                            <p>Per risultati ottimali, gli allineatori devono essere indossati dalle 20 alle 22 ore al giorno, rimuovendoli solo per mangiare e per l'igiene orale.<\/p>                        <\/div>\n\n                    <\/div>\n\n                <\/div><!-- .elementskit-card END -->\n\n                \n                <div class=\"elementskit-card\">\n                    <div class=\"elementskit-card-header\" id=\"primaryHeading-3-14d5da6\">\n                        <a href=\"#collapse-fd98bf569e13a6251981\" class=\"ekit-accordion--toggler elementskit-btn-link collapsed\" data-ekit-toggle=\"collapse\" data-target=\"#Collapse-fd98bf569e13a6251981\" aria-expanded=\"false\" aria-controls=\"Collapse-fd98bf569e13a6251981\">\n                            \n                            <span class=\"ekit-accordion-title\"> Indossare un apparecchio invisibile pu\u00f2 influire sul mio modo di parlare?<\/span>\n\n                            \n                                <div class=\"ekit_accordion_icon_group\">\n                                    <div class=\"ekit_accordion_normal_icon\">\n                                        <!-- Normal Icon -->\n\t\t\t\t\t\t\t\t\t\t<i class=\"fas fa-plus\"><\/i>                                    <\/div>\n\n                                    <div class=\"ekit_accordion_active_icon\">\n                                        <!-- Active Icon -->\n\t\t\t\t\t\t\t\t\t\t<i class=\"fas fa-minus\"><\/i>                                    <\/div>\n                                <\/div>\n\n                            \n                                                    <\/a>\n                    <\/div>\n\n                    <div id=\"Collapse-fd98bf569e13a6251981\" class=\"collapse\" aria-labelledby=\"primaryHeading-3-14d5da6\" data-parent=\"#accordion-69e13a6251981\">\n\n                        <div class=\"elementskit-card-body ekit-accordion--content\">\n                            <p>Inizialmente, alcuni pazienti potrebbero riscontrare lievi difficolt\u00e0 nel parlare, ma solitamente il problema si risolve rapidamente non appena ci si abitua a indossare gli allineatori.<\/p>                        <\/div>\n\n                    <\/div>\n\n                <\/div><!-- .elementskit-card END -->\n\n                \n                <div class=\"elementskit-card\">\n                    <div class=\"elementskit-card-header\" id=\"primaryHeading-4-14d5da6\">\n                        <a href=\"#collapse-f10202869e13a6251981\" class=\"ekit-accordion--toggler elementskit-btn-link collapsed\" data-ekit-toggle=\"collapse\" data-target=\"#Collapse-f10202869e13a6251981\" aria-expanded=\"false\" aria-controls=\"Collapse-f10202869e13a6251981\">\n                            \n                            <span class=\"ekit-accordion-title\">Come mi prendo cura dei miei allineatori?<\/span>\n\n                            \n                                <div class=\"ekit_accordion_icon_group\">\n                                    <div class=\"ekit_accordion_normal_icon\">\n                                        <!-- Normal Icon -->\n\t\t\t\t\t\t\t\t\t\t<i class=\"fas fa-plus\"><\/i>                                    <\/div>\n\n                                    <div class=\"ekit_accordion_active_icon\">\n                                        <!-- Active Icon -->\n\t\t\t\t\t\t\t\t\t\t<i class=\"fas fa-minus\"><\/i>                                    <\/div>\n                                <\/div>\n\n                            \n                                                    <\/a>\n                    <\/div>\n\n                    <div id=\"Collapse-f10202869e13a6251981\" class=\"collapse\" aria-labelledby=\"primaryHeading-4-14d5da6\" data-parent=\"#accordion-69e13a6251981\">\n\n                        <div class=\"elementskit-card-body ekit-accordion--content\">\n                            <p>Gli allineatori devono essere puliti con uno spazzolino morbido e sapone delicato. Evitare di usare acqua calda o prodotti chimici aggressivi, poich\u00e9 possono deformare gli allineatori.<\/p>                        <\/div>\n\n                    <\/div>\n\n                <\/div><!-- .elementskit-card END -->\n\n                                        <\/div>\n    <\/div>\t\t\t\t<\/div>\n\t\t\t\t<\/div>\n\t\t\t\t<\/div>\n\t\t\t\t<\/div>\n\t\t<div class=\"elementor-element elementor-element-4320f90 e-con-full e-flex e-con e-child\" data-id=\"4320f90\" data-element_type=\"container\" data-e-type=\"container\">\n\t\t<div class=\"elementor-element elementor-element-712f7c4 e-con-full sticky-column e-flex e-con e-child\" data-id=\"712f7c4\" data-element_type=\"container\" data-e-type=\"container\">\n\t\t\t\t<div class=\"elementor-element elementor-element-9987f75 elementor-widget elementor-widget-primecare-elementor-template\" data-id=\"9987f75\" data-element_type=\"widget\" data-e-type=\"widget\" data-settings=\"{&quot;ekit_we_effect_on&quot;:&quot;none&quot;}\" data-widget_type=\"primecare-elementor-template.default\">\n\t\t\t\t<div class=\"elementor-widget-container\">\n\t\t\t\t\t\t\t<div class=\"elementor-template\">\n\t\t\t\t\t<\/div>\n\t\t\t\t\t\t<\/div>\n\t\t\t\t<\/div>\n\t\t\t\t<\/div>\n\t\t\t\t<\/div>\n\t\t\t\t\t<\/div>\n\t\t\t\t<\/div>\n\t\t\t\t<\/div>","protected":false},"excerpt":{"rendered":"<p>Invisible Braces Home Invisible braces, also known as clear aligners, are a modern orthodontic solution [&hellip;]<\/p>\n","protected":false},"author":1,"featured_media":0,"parent":101,"menu_order":0,"comment_status":"closed","ping_status":"closed","template":"elementor_header_footer","meta":{"footnotes":""},"class_list":["post-7422","page","type-page","status-publish","hentry"],"_links":{"self":[{"href":"https:\/\/ripadent.com\/it\/wp-json\/wp\/v2\/pages\/7422","targetHints":{"allow":["GET"]}}],"collection":[{"href":"https:\/\/ripadent.com\/it\/wp-json\/wp\/v2\/pages"}],"about":[{"href":"https:\/\/ripadent.com\/it\/wp-json\/wp\/v2\/types\/page"}],"author":[{"embeddable":true,"href":"https:\/\/ripadent.com\/it\/wp-json\/wp\/v2\/users\/1"}],"replies":[{"embeddable":true,"href":"https:\/\/ripadent.com\/it\/wp-json\/wp\/v2\/comments?post=7422"}],"version-history":[{"count":43,"href":"https:\/\/ripadent.com\/it\/wp-json\/wp\/v2\/pages\/7422\/revisions"}],"predecessor-version":[{"id":8760,"href":"https:\/\/ripadent.com\/it\/wp-json\/wp\/v2\/pages\/7422\/revisions\/8760"}],"up":[{"embeddable":true,"href":"https:\/\/ripadent.com\/it\/wp-json\/wp\/v2\/pages\/101"}],"wp:attachment":[{"href":"https:\/\/ripadent.com\/it\/wp-json\/wp\/v2\/media?parent=7422"}],"curies":[{"name":"wp","href":"https:\/\/api.w.org\/{rel}","templated":true}]}}