{"id":7410,"date":"2024-10-30T09:41:23","date_gmt":"2024-10-30T09:41:23","guid":{"rendered":"https:\/\/ripadent.com\/?page_id=7410"},"modified":"2025-04-09T13:40:37","modified_gmt":"2025-04-09T13:40:37","slug":"pediatric-dentistry","status":"publish","type":"page","link":"https:\/\/ripadent.com\/it\/services\/pediatric-dentistry\/","title":{"rendered":"Odontoiatria Pediatrica"},"content":{"rendered":"<div data-elementor-type=\"wp-page\" data-elementor-id=\"7410\" class=\"elementor elementor-7410\">\n\t\t\t\t<div class=\"elementor-element elementor-element-bb3681c e-flex e-con-boxed e-con e-parent\" data-id=\"bb3681c\" data-element_type=\"container\" data-e-type=\"container\" data-settings=\"{&quot;background_background&quot;:&quot;classic&quot;}\">\n\t\t\t\t\t<div class=\"e-con-inner\">\n\t\t<div class=\"elementor-element elementor-element-1d32583 e-con-full e-flex e-con e-child\" data-id=\"1d32583\" data-element_type=\"container\" data-e-type=\"container\">\n\t\t\t\t<div class=\"elementor-element elementor-element-d9a078f at-heading-animation at-animation-heading-style-3 elementor-widget elementor-widget-heading\" data-id=\"d9a078f\" data-element_type=\"widget\" data-e-type=\"widget\" data-settings=\"{&quot;ekit_we_effect_on&quot;:&quot;none&quot;}\" data-widget_type=\"heading.default\">\n\t\t\t\t<div class=\"elementor-widget-container\">\n\t\t\t\t\t<h1 class=\"elementor-heading-title elementor-size-default\">Odontoiatria Pediatrica<\/h1>\t\t\t\t<\/div>\n\t\t\t\t<\/div>\n\t\t\t\t<div class=\"elementor-element elementor-element-9484f8a elementor-invisible elementor-widget elementor-widget-elementskit-breadcrumb\" data-id=\"9484f8a\" data-element_type=\"widget\" data-e-type=\"widget\" data-settings=\"{&quot;_animation&quot;:&quot;fadeInUp&quot;,&quot;ekit_we_effect_on&quot;:&quot;none&quot;}\" data-widget_type=\"elementskit-breadcrumb.default\">\n\t\t\t\t<div class=\"elementor-widget-container\">\n\t\t\t\t\t<div class=\"ekit-wid-con\" ><ol class=\"ekit-breadcrumb\"><li class=\"ekit_breadcrumbs_start\"><a href=\"https:\/\/ripadent.com\/it\/\">Home<\/a><\/li> <li class=\"brd_sep\"><span class=\"separate_icon\"><svg xmlns=\"http:\/\/www.w3.org\/2000\/svg\" width=\"6\" height=\"11\" viewbox=\"0 0 6 11\"><path d=\"M0.47836 9.94636L2.28556 5.06251L4.09276 0.178656L5.17933 0.256117L1.56493 10.0238L0.47836 9.94636Z\" fill=\"white\"><\/path><\/svg><\/span><\/li> <li><a href=\"https:\/\/ripadent.com\/it\/services\/\" title=\"Servizi\">Servizi<\/a><\/li> <li class=\"brd_sep\"><span class=\"separate_icon\"><svg xmlns=\"http:\/\/www.w3.org\/2000\/svg\" width=\"6\" height=\"11\" viewbox=\"0 0 6 11\"><path d=\"M0.47836 9.94636L2.28556 5.06251L4.09276 0.178656L5.17933 0.256117L1.56493 10.0238L0.47836 9.94636Z\" fill=\"white\"><\/path><\/svg><\/span><\/li>  <li>Odontoiatria Pediatrica<\/li><\/ol><\/div>\t\t\t\t<\/div>\n\t\t\t\t<\/div>\n\t\t\t\t<\/div>\n\t\t\t\t\t<\/div>\n\t\t\t\t<\/div>\n\t\t<div class=\"elementor-element elementor-element-441dbad e-flex e-con-boxed e-con e-parent\" data-id=\"441dbad\" data-element_type=\"container\" data-e-type=\"container\">\n\t\t\t\t\t<div class=\"e-con-inner\">\n\t\t<div class=\"elementor-element elementor-element-269b9bb e-con-full e-flex e-con e-child\" data-id=\"269b9bb\" data-element_type=\"container\" data-e-type=\"container\">\n\t\t<div class=\"elementor-element elementor-element-af1b639 e-con-full e-flex e-con e-child\" data-id=\"af1b639\" data-element_type=\"container\" data-e-type=\"container\">\n\t\t\t\t<div class=\"elementor-element elementor-element-f52406f v2-service-slider-image elementor-invisible elementor-widget elementor-widget-image-carousel\" data-id=\"f52406f\" data-element_type=\"widget\" data-e-type=\"widget\" data-settings=\"{&quot;slides_to_show&quot;:&quot;1&quot;,&quot;navigation&quot;:&quot;none&quot;,&quot;_animation&quot;:&quot;fadeIn&quot;,&quot;_animation_delay&quot;:200,&quot;autoplay_speed&quot;:2000,&quot;autoplay&quot;:&quot;yes&quot;,&quot;pause_on_interaction&quot;:&quot;yes&quot;,&quot;infinite&quot;:&quot;yes&quot;,&quot;effect&quot;:&quot;slide&quot;,&quot;speed&quot;:500,&quot;ekit_we_effect_on&quot;:&quot;none&quot;}\" data-widget_type=\"image-carousel.default\">\n\t\t\t\t<div class=\"elementor-widget-container\">\n\t\t\t\t\t\t\t<div class=\"elementor-image-carousel-wrapper swiper\" role=\"region\" aria-roledescription=\"carousel\" aria-label=\"Image Carousel\" dir=\"ltr\">\n\t\t\t<div class=\"elementor-image-carousel swiper-wrapper swiper-image-stretch\" aria-live=\"off\">\n\t\t\t\t\t\t\t\t<div class=\"swiper-slide\" role=\"group\" aria-roledescription=\"slide\" aria-label=\"1 of 2\"><figure class=\"swiper-slide-inner\"><img decoding=\"async\" class=\"swiper-slide-image\" src=\"https:\/\/ripadent.com\/wp-content\/uploads\/2024\/10\/children-dental-1906.jpg\" alt=\"children-dental-1906\" \/><\/figure><\/div><div class=\"swiper-slide\" role=\"group\" aria-roledescription=\"slide\" aria-label=\"2 of 2\"><figure class=\"swiper-slide-inner\"><img decoding=\"async\" class=\"swiper-slide-image\" src=\"https:\/\/ripadent.com\/wp-content\/uploads\/2024\/10\/emergency-dental-care-inner-page.jpg\" alt=\"emergency-dental-care-inner-page\" \/><\/figure><\/div>\t\t\t<\/div>\n\t\t\t\t\t\t\t\n\t\t\t\t\t\t\t\t\t<\/div>\n\t\t\t\t\t\t<\/div>\n\t\t\t\t<\/div>\n\t\t\t\t<\/div>\n\t\t<div class=\"elementor-element elementor-element-c254d13 e-con-full e-flex e-con e-child\" data-id=\"c254d13\" data-element_type=\"container\" data-e-type=\"container\">\n\t\t\t\t<div class=\"elementor-element elementor-element-8ff6a57 elementor-invisible elementor-widget elementor-widget-text-editor\" data-id=\"8ff6a57\" data-element_type=\"widget\" data-e-type=\"widget\" data-settings=\"{&quot;_animation&quot;:&quot;fadeInUp&quot;,&quot;ekit_we_effect_on&quot;:&quot;none&quot;}\" data-widget_type=\"text-editor.default\">\n\t\t\t\t<div class=\"elementor-widget-container\">\n\t\t\t\t\t\t\t\t\t<p>L'odontoiatria pediatrica si concentra sulla salute orale dei bambini dall'infanzia all'adolescenza. Comprende un'ampia gamma di servizi su misura per soddisfare le esigenze odontoiatriche uniche dei giovani pazienti. I dentisti pediatrici sono appositamente formati per fornire cure compassionevoli e per aiutare i bambini a sentirsi a proprio agio durante le visite odontoiatriche.<\/p><p>I dentisti pediatrici seguono una formazione aggiuntiva oltre all'odontoiatria generale per concentrarsi sulla crescita e lo sviluppo dei denti, delle gengive e delle mascelle dei bambini, assicurandosi di fornire la cura pi\u00f9 efficace e compassionevole possibile. Le visite dentistiche precoci sono fondamentali per stabilire buone abitudini di salute orale. Questi appuntamenti iniziano in genere intorno al primo compleanno di un bambino o entro sei mesi dall'eruzione del primo dente. I dentisti pediatrici eseguono controlli approfonditi, che possono includere pulizia, trattamenti al fluoro e sigillanti dentali per proteggere dalle carie. Sono anche esperti nell'identificare problemi di sviluppo, come disallineamenti o primi segni di carie, che possono essere affrontati in modo proattivo.<\/p>\t\t\t\t\t\t\t\t<\/div>\n\t\t\t\t<\/div>\n\t\t\t\t<div class=\"elementor-element elementor-element-02c31a9 at-heading-animation at-animation-heading-style-3 elementor-widget elementor-widget-heading\" data-id=\"02c31a9\" data-element_type=\"widget\" data-e-type=\"widget\" data-settings=\"{&quot;ekit_we_effect_on&quot;:&quot;none&quot;}\" data-widget_type=\"heading.default\">\n\t\t\t\t<div class=\"elementor-widget-container\">\n\t\t\t\t\t<h2 class=\"elementor-heading-title elementor-size-default\">Principali Vantaggi Dell'Odontoiatria Pediatrica<\/h2>\t\t\t\t<\/div>\n\t\t\t\t<\/div>\n\t\t\t\t<div class=\"elementor-element elementor-element-a089265 elementor-invisible elementor-widget elementor-widget-text-editor\" data-id=\"a089265\" data-element_type=\"widget\" data-e-type=\"widget\" data-settings=\"{&quot;_animation&quot;:&quot;fadeInUp&quot;,&quot;_animation_delay&quot;:100,&quot;ekit_we_effect_on&quot;:&quot;none&quot;}\" data-widget_type=\"text-editor.default\">\n\t\t\t\t<div class=\"elementor-widget-container\">\n\t\t\t\t\t\t\t\t\t<p>L'odontoiatria pediatrica offre numerosi vantaggi specificamente pensati per le esigenze dei bambini, assicurando che la loro salute orale sia prioritaria fin dalla tenera et\u00e0. Uno dei vantaggi pi\u00f9 significativi \u00e8 la diagnosi precoce e la prevenzione dei problemi dentali. Controlli regolari consentono ai dentisti pediatrici di identificare potenziali problemi, come carie o disallineamenti, prima che diventino pi\u00f9 gravi e richiedano un trattamento esteso. Un altro vantaggio fondamentale \u00e8 la creazione di un'esperienza dentistica positiva. I dentisti pediatrici sono formati per interagire con i bambini in modo amichevole e accessibile, aiutando ad alleviare qualsiasi ansia. Promuovendo un ambiente confortevole, i bambini hanno maggiori probabilit\u00e0 di sviluppare buone abitudini e un atteggiamento positivo nei confronti delle cure dentistiche che durino tutta la vita. L'odontoiatria pediatrica enfatizza anche la cura preventiva. Servizi come i trattamenti al fluoro e i sigillanti dentali sono efficaci nel proteggere i denti giovani dalla carie, riducendo significativamente la probabilit\u00e0 di carie. Questo approccio proattivo non solo mantiene sani i sorrisi dei bambini, ma salva anche le famiglie da costose procedure dentistiche in futuro. Inoltre, i dentisti pediatrici forniscono un'istruzione essenziale sia per i bambini che per i genitori. Insegnano le tecniche corrette di spazzolatura e uso del filo interdentale e discutono l'impatto dell'alimentazione sulla salute orale. Questa guida consente alle famiglie di prendere decisioni informate che promuovono abitudini e stili di vita sani. In generale, l'odontoiatria pediatrica ha lo scopo di garantire che i bambini ricevano cure specialistiche su misura per le loro esigenze di sviluppo.\u00a0<\/p>\t\t\t\t\t\t\t\t<\/div>\n\t\t\t\t<\/div>\n\t\t\t\t<\/div>\n\t\t<div class=\"elementor-element elementor-element-b7c16c2 e-con-full e-flex e-con e-child\" data-id=\"b7c16c2\" data-element_type=\"container\" data-e-type=\"container\">\n\t\t\t\t<div class=\"elementor-element elementor-element-ca039c0 elementor-widget__width-initial elementor-icon-list--layout-traditional elementor-list-item-link-full_width elementor-invisible elementor-widget elementor-widget-icon-list\" data-id=\"ca039c0\" data-element_type=\"widget\" data-e-type=\"widget\" data-settings=\"{&quot;_animation&quot;:&quot;fadeInUp&quot;,&quot;_animation_delay&quot;:100,&quot;ekit_we_effect_on&quot;:&quot;none&quot;}\" data-widget_type=\"icon-list.default\">\n\t\t\t\t<div class=\"elementor-widget-container\">\n\t\t\t\t\t\t\t<ul class=\"elementor-icon-list-items\">\n\t\t\t\t\t\t\t<li class=\"elementor-icon-list-item\">\n\t\t\t\t\t\t\t\t\t\t\t<span class=\"elementor-icon-list-icon\">\n\t\t\t\t\t\t\t<i aria-hidden=\"true\" class=\"fas fa-check-square\"><\/i>\t\t\t\t\t\t<\/span>\n\t\t\t\t\t\t\t\t\t\t<span class=\"elementor-icon-list-text\">Cure Specialistiche<\/span>\n\t\t\t\t\t\t\t\t\t<\/li>\n\t\t\t\t\t\t\t\t<li class=\"elementor-icon-list-item\">\n\t\t\t\t\t\t\t\t\t\t\t<span class=\"elementor-icon-list-icon\">\n\t\t\t\t\t\t\t<i aria-hidden=\"true\" class=\"fas fa-check-square\"><\/i>\t\t\t\t\t\t<\/span>\n\t\t\t\t\t\t\t\t\t\t<span class=\"elementor-icon-list-text\">Rilevazione Precoce<\/span>\n\t\t\t\t\t\t\t\t\t<\/li>\n\t\t\t\t\t\t\t\t<li class=\"elementor-icon-list-item\">\n\t\t\t\t\t\t\t\t\t\t\t<span class=\"elementor-icon-list-icon\">\n\t\t\t\t\t\t\t<i aria-hidden=\"true\" class=\"fas fa-check-square\"><\/i>\t\t\t\t\t\t<\/span>\n\t\t\t\t\t\t\t\t\t\t<span class=\"elementor-icon-list-text\">Comfort e Riduzione Dell'Ansia<\/span>\n\t\t\t\t\t\t\t\t\t<\/li>\n\t\t\t\t\t\t\t\t<li class=\"elementor-icon-list-item\">\n\t\t\t\t\t\t\t\t\t\t\t<span class=\"elementor-icon-list-icon\">\n\t\t\t\t\t\t\t<i aria-hidden=\"true\" class=\"fas fa-check-square\"><\/i>\t\t\t\t\t\t<\/span>\n\t\t\t\t\t\t\t\t\t\t<span class=\"elementor-icon-list-text\">Educazione per Abitudini Durature<\/span>\n\t\t\t\t\t\t\t\t\t<\/li>\n\t\t\t\t\t\t\t\t<li class=\"elementor-icon-list-item\">\n\t\t\t\t\t\t\t\t\t\t\t<span class=\"elementor-icon-list-icon\">\n\t\t\t\t\t\t\t<i aria-hidden=\"true\" class=\"fas fa-check-square\"><\/i>\t\t\t\t\t\t<\/span>\n\t\t\t\t\t\t\t\t\t\t<span class=\"elementor-icon-list-text\">Cura Preventiva<\/span>\n\t\t\t\t\t\t\t\t\t<\/li>\n\t\t\t\t\t\t<\/ul>\n\t\t\t\t\t\t<\/div>\n\t\t\t\t<\/div>\n\t\t\t\t<\/div>\n\t\t<div class=\"elementor-element elementor-element-1060994 e-con-full e-flex e-con e-child\" data-id=\"1060994\" data-element_type=\"container\" data-e-type=\"container\">\n\t\t\t\t<div class=\"elementor-element elementor-element-91b62d5 elementor-position-left elementor-vertical-align-middle elementor-invisible elementor-widget elementor-widget-image-box\" data-id=\"91b62d5\" data-element_type=\"widget\" data-e-type=\"widget\" data-settings=\"{&quot;_animation&quot;:&quot;fadeInUp&quot;,&quot;ekit_we_effect_on&quot;:&quot;none&quot;}\" data-widget_type=\"image-box.default\">\n\t\t\t\t<div class=\"elementor-widget-container\">\n\t\t\t\t\t<div class=\"elementor-image-box-wrapper\"><figure class=\"elementor-image-box-img\"><img fetchpriority=\"high\" decoding=\"async\" width=\"459\" height=\"460\" src=\"https:\/\/ripadent.com\/wp-content\/uploads\/2025\/04\/Artboard-4.png\" class=\"attachment-full size-full wp-image-8713\" alt=\"\" srcset=\"https:\/\/ripadent.com\/wp-content\/uploads\/2025\/04\/Artboard-4.png 459w, https:\/\/ripadent.com\/wp-content\/uploads\/2025\/04\/Artboard-4-300x300.png 300w, https:\/\/ripadent.com\/wp-content\/uploads\/2025\/04\/Artboard-4-150x150.png 150w, https:\/\/ripadent.com\/wp-content\/uploads\/2025\/04\/Artboard-4-12x12.png 12w\" sizes=\"(max-width: 459px) 100vw, 459px\" \/><\/figure><div class=\"elementor-image-box-content\"><h3 class=\"elementor-image-box-title\">Faqs<\/h3><\/div><\/div>\t\t\t\t<\/div>\n\t\t\t\t<\/div>\n\t\t\t\t<div class=\"elementor-element elementor-element-503fe97 at-heading-animation at-animation-heading-style-3 elementor-widget elementor-widget-heading\" data-id=\"503fe97\" data-element_type=\"widget\" data-e-type=\"widget\" data-settings=\"{&quot;ekit_we_effect_on&quot;:&quot;none&quot;}\" data-widget_type=\"heading.default\">\n\t\t\t\t<div class=\"elementor-widget-container\">\n\t\t\t\t\t<h2 class=\"elementor-heading-title elementor-size-default\">Tutto quello che devi sapere sull'odontoiatria pediatrica<\/h2>\t\t\t\t<\/div>\n\t\t\t\t<\/div>\n\t\t\t\t<div class=\"elementor-element elementor-element-171d777 v2-our-faqs-accordion elementor-widget elementor-widget-elementskit-accordion\" data-id=\"171d777\" data-element_type=\"widget\" data-e-type=\"widget\" data-settings=\"{&quot;ekit_we_effect_on&quot;:&quot;none&quot;}\" data-widget_type=\"elementskit-accordion.default\">\n\t\t\t\t<div class=\"elementor-widget-container\">\n\t\t\t\t\t<div class=\"ekit-wid-con\" >\n        <div class=\"elementskit-accordion accoedion-primary\" id=\"accordion-69e1b1e01fb2a\">\n\n            \n                <div class=\"elementskit-card active\">\n                    <div class=\"elementskit-card-header\" id=\"primaryHeading-0-171d777\">\n                        <a href=\"#collapse-9dcfa4d69e1b1e01fb2a\" class=\"ekit-accordion--toggler elementskit-btn-link collapsed\" data-ekit-toggle=\"collapse\" data-target=\"#Collapse-9dcfa4d69e1b1e01fb2a\" aria-expanded=\"true\" aria-controls=\"Collapse-9dcfa4d69e1b1e01fb2a\">\n                            \n                            <span class=\"ekit-accordion-title\">Quando dovrei sottoporre mio figlio alla prima visita dal dentista?<\/span>\n\n                            \n                                <div class=\"ekit_accordion_icon_group\">\n                                    <div class=\"ekit_accordion_normal_icon\">\n                                        <!-- Normal Icon -->\n\t\t\t\t\t\t\t\t\t\t<i class=\"fas fa-plus\"><\/i>                                    <\/div>\n\n                                    <div class=\"ekit_accordion_active_icon\">\n                                        <!-- Active Icon -->\n\t\t\t\t\t\t\t\t\t\t<i class=\"fas fa-minus\"><\/i>                                    <\/div>\n                                <\/div>\n\n                            \n                                                    <\/a>\n                    <\/div>\n\n                    <div id=\"Collapse-9dcfa4d69e1b1e01fb2a\" class=\"show collapse\" aria-labelledby=\"primaryHeading-0-171d777\" data-parent=\"#accordion-69e1b1e01fb2a\">\n\n                        <div class=\"elementskit-card-body ekit-accordion--content\">\n                            <p>Si consiglia ai bambini di andare dal dentista entro il primo anno di et\u00e0 o entro sei mesi dalla comparsa del primo dentino.<\/p>                        <\/div>\n\n                    <\/div>\n\n                <\/div><!-- .elementskit-card END -->\n\n                \n                <div class=\"elementskit-card\">\n                    <div class=\"elementskit-card-header\" id=\"primaryHeading-1-171d777\">\n                        <a href=\"#collapse-ae70aa869e1b1e01fb2a\" class=\"ekit-accordion--toggler elementskit-btn-link collapsed\" data-ekit-toggle=\"collapse\" data-target=\"#Collapse-ae70aa869e1b1e01fb2a\" aria-expanded=\"false\" aria-controls=\"Collapse-ae70aa869e1b1e01fb2a\">\n                            \n                            <span class=\"ekit-accordion-title\">Cosa posso fare per preparare il mio bambino alla prima visita dal dentista?<\/span>\n\n                            \n                                <div class=\"ekit_accordion_icon_group\">\n                                    <div class=\"ekit_accordion_normal_icon\">\n                                        <!-- Normal Icon -->\n\t\t\t\t\t\t\t\t\t\t<i class=\"fas fa-plus\"><\/i>                                    <\/div>\n\n                                    <div class=\"ekit_accordion_active_icon\">\n                                        <!-- Active Icon -->\n\t\t\t\t\t\t\t\t\t\t<i class=\"fas fa-minus\"><\/i>                                    <\/div>\n                                <\/div>\n\n                            \n                                                    <\/a>\n                    <\/div>\n\n                    <div id=\"Collapse-ae70aa869e1b1e01fb2a\" class=\"collapse\" aria-labelledby=\"primaryHeading-1-171d777\" data-parent=\"#accordion-69e1b1e01fb2a\">\n\n                        <div class=\"elementskit-card-body ekit-accordion--content\">\n                            <p>Parlate con vostro figlio di cosa aspettarsi e rassicuratelo che il dentista \u00e8 l\u00ec per aiutarlo a mantenere i suoi denti sani.<\/p>                        <\/div>\n\n                    <\/div>\n\n                <\/div><!-- .elementskit-card END -->\n\n                \n                <div class=\"elementskit-card\">\n                    <div class=\"elementskit-card-header\" id=\"primaryHeading-2-171d777\">\n                        <a href=\"#collapse-bcee0f169e1b1e01fb2a\" class=\"ekit-accordion--toggler elementskit-btn-link collapsed\" data-ekit-toggle=\"collapse\" data-target=\"#Collapse-bcee0f169e1b1e01fb2a\" aria-expanded=\"false\" aria-controls=\"Collapse-bcee0f169e1b1e01fb2a\">\n                            \n                            <span class=\"ekit-accordion-title\">Con quale frequenza il mio bambino dovrebbe andare dal dentista?<\/span>\n\n                            \n                                <div class=\"ekit_accordion_icon_group\">\n                                    <div class=\"ekit_accordion_normal_icon\">\n                                        <!-- Normal Icon -->\n\t\t\t\t\t\t\t\t\t\t<i class=\"fas fa-plus\"><\/i>                                    <\/div>\n\n                                    <div class=\"ekit_accordion_active_icon\">\n                                        <!-- Active Icon -->\n\t\t\t\t\t\t\t\t\t\t<i class=\"fas fa-minus\"><\/i>                                    <\/div>\n                                <\/div>\n\n                            \n                                                    <\/a>\n                    <\/div>\n\n                    <div id=\"Collapse-bcee0f169e1b1e01fb2a\" class=\"collapse\" aria-labelledby=\"primaryHeading-2-171d777\" data-parent=\"#accordion-69e1b1e01fb2a\">\n\n                        <div class=\"elementskit-card-body ekit-accordion--content\">\n                            <p>Per garantire una salute orale ottimale, i bambini dovrebbero sottoporsi a controlli dentistici ogni sei mesi.<\/p>                        <\/div>\n\n                    <\/div>\n\n                <\/div><!-- .elementskit-card END -->\n\n                \n                <div class=\"elementskit-card\">\n                    <div class=\"elementskit-card-header\" id=\"primaryHeading-3-171d777\">\n                        <a href=\"#collapse-fd98bf569e1b1e01fb2a\" class=\"ekit-accordion--toggler elementskit-btn-link collapsed\" data-ekit-toggle=\"collapse\" data-target=\"#Collapse-fd98bf569e1b1e01fb2a\" aria-expanded=\"false\" aria-controls=\"Collapse-fd98bf569e1b1e01fb2a\">\n                            \n                            <span class=\"ekit-accordion-title\">Le radiografie dentali sono sicure per i bambini?<\/span>\n\n                            \n                                <div class=\"ekit_accordion_icon_group\">\n                                    <div class=\"ekit_accordion_normal_icon\">\n                                        <!-- Normal Icon -->\n\t\t\t\t\t\t\t\t\t\t<i class=\"fas fa-plus\"><\/i>                                    <\/div>\n\n                                    <div class=\"ekit_accordion_active_icon\">\n                                        <!-- Active Icon -->\n\t\t\t\t\t\t\t\t\t\t<i class=\"fas fa-minus\"><\/i>                                    <\/div>\n                                <\/div>\n\n                            \n                                                    <\/a>\n                    <\/div>\n\n                    <div id=\"Collapse-fd98bf569e1b1e01fb2a\" class=\"collapse\" aria-labelledby=\"primaryHeading-3-171d777\" data-parent=\"#accordion-69e1b1e01fb2a\">\n\n                        <div class=\"elementskit-card-body ekit-accordion--content\">\n                            <p>S\u00ec, le radiografie dentali sono sicure e utilizzano radiazioni minime. Sono importanti per diagnosticare problemi dentali che potrebbero non essere visibili durante un esame normale.<\/p>                        <\/div>\n\n                    <\/div>\n\n                <\/div><!-- .elementskit-card END -->\n\n                \n                <div class=\"elementskit-card\">\n                    <div class=\"elementskit-card-header\" id=\"primaryHeading-4-171d777\">\n                        <a href=\"#collapse-f10202869e1b1e01fb2a\" class=\"ekit-accordion--toggler elementskit-btn-link collapsed\" data-ekit-toggle=\"collapse\" data-target=\"#Collapse-f10202869e1b1e01fb2a\" aria-expanded=\"false\" aria-controls=\"Collapse-f10202869e1b1e01fb2a\">\n                            \n                            <span class=\"ekit-accordion-title\">Come posso aiutare il mio bambino a sviluppare buone abitudini di igiene orale?<\/span>\n\n                            \n                                <div class=\"ekit_accordion_icon_group\">\n                                    <div class=\"ekit_accordion_normal_icon\">\n                                        <!-- Normal Icon -->\n\t\t\t\t\t\t\t\t\t\t<i class=\"fas fa-plus\"><\/i>                                    <\/div>\n\n                                    <div class=\"ekit_accordion_active_icon\">\n                                        <!-- Active Icon -->\n\t\t\t\t\t\t\t\t\t\t<i class=\"fas fa-minus\"><\/i>                                    <\/div>\n                                <\/div>\n\n                            \n                                                    <\/a>\n                    <\/div>\n\n                    <div id=\"Collapse-f10202869e1b1e01fb2a\" class=\"collapse\" aria-labelledby=\"primaryHeading-4-171d777\" data-parent=\"#accordion-69e1b1e01fb2a\">\n\n                        <div class=\"elementskit-card-body ekit-accordion--content\">\n                            <p>Incoraggia l'uso regolare dello spazzolino e del filo interdentale, fornisci un'alimentazione equilibrata e dai il buon esempio curando la tua igiene orale.<\/p>                        <\/div>\n\n                    <\/div>\n\n                <\/div><!-- .elementskit-card END -->\n\n                                        <\/div>\n    <\/div>\t\t\t\t<\/div>\n\t\t\t\t<\/div>\n\t\t\t\t<\/div>\n\t\t\t\t<\/div>\n\t\t<div class=\"elementor-element elementor-element-a996fbd e-con-full e-flex e-con e-child\" data-id=\"a996fbd\" data-element_type=\"container\" data-e-type=\"container\">\n\t\t<div class=\"elementor-element elementor-element-72565d9 e-con-full sticky-column e-flex e-con e-child\" data-id=\"72565d9\" data-element_type=\"container\" data-e-type=\"container\">\n\t\t\t\t<div class=\"elementor-element elementor-element-d4efa61 elementor-widget elementor-widget-primecare-elementor-template\" data-id=\"d4efa61\" data-element_type=\"widget\" data-e-type=\"widget\" data-settings=\"{&quot;ekit_we_effect_on&quot;:&quot;none&quot;}\" data-widget_type=\"primecare-elementor-template.default\">\n\t\t\t\t<div class=\"elementor-widget-container\">\n\t\t\t\t\t\t\t<div class=\"elementor-template\">\n\t\t\t\t\t<\/div>\n\t\t\t\t\t\t<\/div>\n\t\t\t\t<\/div>\n\t\t\t\t<\/div>\n\t\t\t\t<\/div>\n\t\t\t\t\t<\/div>\n\t\t\t\t<\/div>\n\t\t\t\t<\/div>","protected":false},"excerpt":{"rendered":"<p>Pediatric Dentistry Home Pediatric dentistry focuses on the oral health of children from infancy through [&hellip;]<\/p>\n","protected":false},"author":1,"featured_media":0,"parent":101,"menu_order":0,"comment_status":"closed","ping_status":"closed","template":"elementor_header_footer","meta":{"footnotes":""},"class_list":["post-7410","page","type-page","status-publish","hentry"],"_links":{"self":[{"href":"https:\/\/ripadent.com\/it\/wp-json\/wp\/v2\/pages\/7410","targetHints":{"allow":["GET"]}}],"collection":[{"href":"https:\/\/ripadent.com\/it\/wp-json\/wp\/v2\/pages"}],"about":[{"href":"https:\/\/ripadent.com\/it\/wp-json\/wp\/v2\/types\/page"}],"author":[{"embeddable":true,"href":"https:\/\/ripadent.com\/it\/wp-json\/wp\/v2\/users\/1"}],"replies":[{"embeddable":true,"href":"https:\/\/ripadent.com\/it\/wp-json\/wp\/v2\/comments?post=7410"}],"version-history":[{"count":46,"href":"https:\/\/ripadent.com\/it\/wp-json\/wp\/v2\/pages\/7410\/revisions"}],"predecessor-version":[{"id":8757,"href":"https:\/\/ripadent.com\/it\/wp-json\/wp\/v2\/pages\/7410\/revisions\/8757"}],"up":[{"embeddable":true,"href":"https:\/\/ripadent.com\/it\/wp-json\/wp\/v2\/pages\/101"}],"wp:attachment":[{"href":"https:\/\/ripadent.com\/it\/wp-json\/wp\/v2\/media?parent=7410"}],"curies":[{"name":"wp","href":"https:\/\/api.w.org\/{rel}","templated":true}]}}