{"id":6711,"date":"2024-10-07T05:44:20","date_gmt":"2024-10-07T05:44:20","guid":{"rendered":"https:\/\/ripadent.com\/\/?page_id=6711"},"modified":"2025-04-09T13:38:55","modified_gmt":"2025-04-09T13:38:55","slug":"emergency-dental-care","status":"publish","type":"page","link":"https:\/\/ripadent.com\/it\/services\/emergency-dental-care\/","title":{"rendered":"Cure Odontoiatriche Di Emergenza"},"content":{"rendered":"<div data-elementor-type=\"wp-page\" data-elementor-id=\"6711\" class=\"elementor elementor-6711\">\n\t\t\t\t<div class=\"elementor-element elementor-element-5714c28 e-flex e-con-boxed e-con e-parent\" data-id=\"5714c28\" data-element_type=\"container\" data-e-type=\"container\" data-settings=\"{&quot;background_background&quot;:&quot;classic&quot;}\">\n\t\t\t\t\t<div class=\"e-con-inner\">\n\t\t<div class=\"elementor-element elementor-element-a68d621 e-con-full e-flex e-con e-child\" data-id=\"a68d621\" data-element_type=\"container\" data-e-type=\"container\">\n\t\t\t\t<div class=\"elementor-element elementor-element-e22ee22 at-heading-animation at-animation-heading-style-3 elementor-widget elementor-widget-heading\" data-id=\"e22ee22\" data-element_type=\"widget\" data-e-type=\"widget\" data-settings=\"{&quot;ekit_we_effect_on&quot;:&quot;none&quot;}\" data-widget_type=\"heading.default\">\n\t\t\t\t<div class=\"elementor-widget-container\">\n\t\t\t\t\t<h1 class=\"elementor-heading-title elementor-size-default\">Cure Odontoiatriche Di Emergenza<\/h1>\t\t\t\t<\/div>\n\t\t\t\t<\/div>\n\t\t\t\t<div class=\"elementor-element elementor-element-0e58c69 elementor-invisible elementor-widget elementor-widget-elementskit-breadcrumb\" data-id=\"0e58c69\" data-element_type=\"widget\" data-e-type=\"widget\" data-settings=\"{&quot;_animation&quot;:&quot;fadeInUp&quot;,&quot;ekit_we_effect_on&quot;:&quot;none&quot;}\" data-widget_type=\"elementskit-breadcrumb.default\">\n\t\t\t\t<div class=\"elementor-widget-container\">\n\t\t\t\t\t<div class=\"ekit-wid-con\" ><ol class=\"ekit-breadcrumb\"><li class=\"ekit_breadcrumbs_start\"><a href=\"https:\/\/ripadent.com\/it\/\">Home<\/a><\/li> <li class=\"brd_sep\"><span class=\"separate_icon\"><svg xmlns=\"http:\/\/www.w3.org\/2000\/svg\" width=\"6\" height=\"11\" viewbox=\"0 0 6 11\"><path d=\"M0.47836 9.94636L2.28556 5.06251L4.09276 0.178656L5.17933 0.256117L1.56493 10.0238L0.47836 9.94636Z\" fill=\"white\"><\/path><\/svg><\/span><\/li> <li><a href=\"https:\/\/ripadent.com\/it\/services\/\" title=\"Servizi\">Servizi<\/a><\/li> <li class=\"brd_sep\"><span class=\"separate_icon\"><svg xmlns=\"http:\/\/www.w3.org\/2000\/svg\" width=\"6\" height=\"11\" viewbox=\"0 0 6 11\"><path d=\"M0.47836 9.94636L2.28556 5.06251L4.09276 0.178656L5.17933 0.256117L1.56493 10.0238L0.47836 9.94636Z\" fill=\"white\"><\/path><\/svg><\/span><\/li>  <li>Cure Odontoiatriche Di Emergenza<\/li><\/ol><\/div>\t\t\t\t<\/div>\n\t\t\t\t<\/div>\n\t\t\t\t<\/div>\n\t\t\t\t\t<\/div>\n\t\t\t\t<\/div>\n\t\t<div class=\"elementor-element elementor-element-a7d138c e-flex e-con-boxed e-con e-parent\" data-id=\"a7d138c\" data-element_type=\"container\" data-e-type=\"container\">\n\t\t\t\t\t<div class=\"e-con-inner\">\n\t\t<div class=\"elementor-element elementor-element-453f7e5 e-con-full e-flex e-con e-child\" data-id=\"453f7e5\" data-element_type=\"container\" data-e-type=\"container\">\n\t\t<div class=\"elementor-element elementor-element-ae2d6e8 e-con-full e-flex e-con e-child\" data-id=\"ae2d6e8\" data-element_type=\"container\" data-e-type=\"container\">\n\t\t\t\t<div class=\"elementor-element elementor-element-853b804 elementor-invisible elementor-widget elementor-widget-text-editor\" data-id=\"853b804\" data-element_type=\"widget\" data-e-type=\"widget\" data-settings=\"{&quot;_animation&quot;:&quot;fadeInUp&quot;,&quot;ekit_we_effect_on&quot;:&quot;none&quot;}\" data-widget_type=\"text-editor.default\">\n\t\t\t\t<div class=\"elementor-widget-container\">\n\t\t\t\t\t\t\t\t\t<p>L'assistenza odontoiatrica di emergenza \u00e8 progettata per affrontare problemi dentali urgenti che richiedono attenzione immediata. Che tu stia provando un forte dolore, un dente rotto o altri infortuni dentali, il nostro team \u00e8 qui per aiutarti in modo rapido ed efficace. Diamo priorit\u00e0 ai casi di emergenza per assicurarti di ricevere le cure di cui hai bisogno quando \u00e8 pi\u00f9 importante.<\/p><p>I nostri servizi di emergenza coprono un'ampia gamma di situazioni, tra cui mal di denti, denti rotti o scheggiati, otturazioni perse e infezioni gengivali. Valutiamo le tue condizioni e forniamo il trattamento appropriato per alleviare il dolore e ripristinare la tua salute orale.<\/p>\t\t\t\t\t\t\t\t<\/div>\n\t\t\t\t<\/div>\n\t\t\t\t<div class=\"elementor-element elementor-element-2ff47c0 at-heading-animation at-animation-heading-style-3 elementor-widget elementor-widget-heading\" data-id=\"2ff47c0\" data-element_type=\"widget\" data-e-type=\"widget\" data-settings=\"{&quot;ekit_we_effect_on&quot;:&quot;none&quot;}\" data-widget_type=\"heading.default\">\n\t\t\t\t<div class=\"elementor-widget-container\">\n\t\t\t\t\t<h2 class=\"elementor-heading-title elementor-size-default\">Principali Vantaggi Dell'Assistenza Odontoiatrica Di Emergenza<\/h2>\t\t\t\t<\/div>\n\t\t\t\t<\/div>\n\t\t\t\t<div class=\"elementor-element elementor-element-652d019 elementor-invisible elementor-widget elementor-widget-text-editor\" data-id=\"652d019\" data-element_type=\"widget\" data-e-type=\"widget\" data-settings=\"{&quot;_animation&quot;:&quot;fadeInUp&quot;,&quot;_animation_delay&quot;:100,&quot;ekit_we_effect_on&quot;:&quot;none&quot;}\" data-widget_type=\"text-editor.default\">\n\t\t\t\t<div class=\"elementor-widget-container\">\n\t\t\t\t\t\t\t\t\t<p>L'assistenza odontoiatrica di emergenza offre un supporto fondamentale quando si presentano problemi dentali imprevisti. Un trattamento tempestivo pu\u00f2 prevenire ulteriori complicazioni e aiutarti a evitare procedure pi\u00f9 estese in futuro. Il nostro team esperto \u00e8 impegnato a fornire sollievo immediato e a ripristinare il tuo sorriso il pi\u00f9 rapidamente possibile. Con orari flessibili e un impegno per il tuo benessere, puoi contare su di noi per essere l\u00ec quando ne hai pi\u00f9 bisogno, assicurandoti di ricevere la massima qualit\u00e0 di assistenza in situazioni urgenti. La tua salute dentale \u00e8 la nostra priorit\u00e0 e miriamo ad aiutarti a tornare al comfort e alla normalit\u00e0 il pi\u00f9 rapidamente possibile.<\/p>\t\t\t\t\t\t\t\t<\/div>\n\t\t\t\t<\/div>\n\t\t\t\t<\/div>\n\t\t<div class=\"elementor-element elementor-element-b658aff e-con-full e-flex e-con e-child\" data-id=\"b658aff\" data-element_type=\"container\" data-e-type=\"container\">\n\t\t\t\t<div class=\"elementor-element elementor-element-b7d3c06 elementor-widget__width-initial elementor-icon-list--layout-traditional elementor-list-item-link-full_width elementor-invisible elementor-widget elementor-widget-icon-list\" data-id=\"b7d3c06\" data-element_type=\"widget\" data-e-type=\"widget\" data-settings=\"{&quot;_animation&quot;:&quot;fadeInUp&quot;,&quot;_animation_delay&quot;:100,&quot;ekit_we_effect_on&quot;:&quot;none&quot;}\" data-widget_type=\"icon-list.default\">\n\t\t\t\t<div class=\"elementor-widget-container\">\n\t\t\t\t\t\t\t<ul class=\"elementor-icon-list-items\">\n\t\t\t\t\t\t\t<li class=\"elementor-icon-list-item\">\n\t\t\t\t\t\t\t\t\t\t\t<span class=\"elementor-icon-list-icon\">\n\t\t\t\t\t\t\t<i aria-hidden=\"true\" class=\"fas fa-check-square\"><\/i>\t\t\t\t\t\t<\/span>\n\t\t\t\t\t\t\t\t\t\t<span class=\"elementor-icon-list-text\">Sollievo Immediato<\/span>\n\t\t\t\t\t\t\t\t\t<\/li>\n\t\t\t\t\t\t\t\t<li class=\"elementor-icon-list-item\">\n\t\t\t\t\t\t\t\t\t\t\t<span class=\"elementor-icon-list-icon\">\n\t\t\t\t\t\t\t<i aria-hidden=\"true\" class=\"fas fa-check-square\"><\/i>\t\t\t\t\t\t<\/span>\n\t\t\t\t\t\t\t\t\t\t<span class=\"elementor-icon-list-text\">Prevenzione Delle Complicazioni<\/span>\n\t\t\t\t\t\t\t\t\t<\/li>\n\t\t\t\t\t\t\t\t<li class=\"elementor-icon-list-item\">\n\t\t\t\t\t\t\t\t\t\t\t<span class=\"elementor-icon-list-icon\">\n\t\t\t\t\t\t\t<i aria-hidden=\"true\" class=\"fas fa-check-square\"><\/i>\t\t\t\t\t\t<\/span>\n\t\t\t\t\t\t\t\t\t\t<span class=\"elementor-icon-list-text\">Servizi completi<\/span>\n\t\t\t\t\t\t\t\t\t<\/li>\n\t\t\t\t\t\t\t\t<li class=\"elementor-icon-list-item\">\n\t\t\t\t\t\t\t\t\t\t\t<span class=\"elementor-icon-list-icon\">\n\t\t\t\t\t\t\t<i aria-hidden=\"true\" class=\"fas fa-check-square\"><\/i>\t\t\t\t\t\t<\/span>\n\t\t\t\t\t\t\t\t\t\t<span class=\"elementor-icon-list-text\">Orari Flessibili<\/span>\n\t\t\t\t\t\t\t\t\t<\/li>\n\t\t\t\t\t\t\t\t<li class=\"elementor-icon-list-item\">\n\t\t\t\t\t\t\t\t\t\t\t<span class=\"elementor-icon-list-icon\">\n\t\t\t\t\t\t\t<i aria-hidden=\"true\" class=\"fas fa-check-square\"><\/i>\t\t\t\t\t\t<\/span>\n\t\t\t\t\t\t\t\t\t\t<span class=\"elementor-icon-list-text\">Assistenza Esperta<\/span>\n\t\t\t\t\t\t\t\t\t<\/li>\n\t\t\t\t\t\t<\/ul>\n\t\t\t\t\t\t<\/div>\n\t\t\t\t<\/div>\n\t\t\t\t<\/div>\n\t\t<div class=\"elementor-element elementor-element-b3b112f e-con-full e-flex e-con e-child\" data-id=\"b3b112f\" data-element_type=\"container\" data-e-type=\"container\">\n\t\t\t\t<div class=\"elementor-element elementor-element-5443a62 elementor-position-left elementor-vertical-align-middle elementor-invisible elementor-widget elementor-widget-image-box\" data-id=\"5443a62\" data-element_type=\"widget\" data-e-type=\"widget\" data-settings=\"{&quot;_animation&quot;:&quot;fadeInUp&quot;,&quot;ekit_we_effect_on&quot;:&quot;none&quot;}\" data-widget_type=\"image-box.default\">\n\t\t\t\t<div class=\"elementor-widget-container\">\n\t\t\t\t\t<div class=\"elementor-image-box-wrapper\"><figure class=\"elementor-image-box-img\"><img fetchpriority=\"high\" decoding=\"async\" width=\"459\" height=\"460\" src=\"https:\/\/ripadent.com\/wp-content\/uploads\/2025\/04\/Artboard-4.png\" class=\"attachment-full size-full wp-image-8713\" alt=\"\" srcset=\"https:\/\/ripadent.com\/wp-content\/uploads\/2025\/04\/Artboard-4.png 459w, https:\/\/ripadent.com\/wp-content\/uploads\/2025\/04\/Artboard-4-300x300.png 300w, https:\/\/ripadent.com\/wp-content\/uploads\/2025\/04\/Artboard-4-150x150.png 150w, https:\/\/ripadent.com\/wp-content\/uploads\/2025\/04\/Artboard-4-12x12.png 12w\" sizes=\"(max-width: 459px) 100vw, 459px\" \/><\/figure><div class=\"elementor-image-box-content\"><h3 class=\"elementor-image-box-title\">Faqs<\/h3><\/div><\/div>\t\t\t\t<\/div>\n\t\t\t\t<\/div>\n\t\t\t\t<div class=\"elementor-element elementor-element-8c9b8c3 at-heading-animation at-animation-heading-style-3 elementor-widget elementor-widget-heading\" data-id=\"8c9b8c3\" data-element_type=\"widget\" data-e-type=\"widget\" data-settings=\"{&quot;ekit_we_effect_on&quot;:&quot;none&quot;}\" data-widget_type=\"heading.default\">\n\t\t\t\t<div class=\"elementor-widget-container\">\n\t\t\t\t\t<h2 class=\"elementor-heading-title elementor-size-default\">Tutto quello che devi sapere sulle cure odontoiatriche di emergenza<\/h2>\t\t\t\t<\/div>\n\t\t\t\t<\/div>\n\t\t\t\t<div class=\"elementor-element elementor-element-b286123 v2-our-faqs-accordion elementor-widget elementor-widget-elementskit-accordion\" data-id=\"b286123\" data-element_type=\"widget\" data-e-type=\"widget\" data-settings=\"{&quot;ekit_we_effect_on&quot;:&quot;none&quot;}\" data-widget_type=\"elementskit-accordion.default\">\n\t\t\t\t<div class=\"elementor-widget-container\">\n\t\t\t\t\t<div class=\"ekit-wid-con\" >\n        <div class=\"elementskit-accordion accoedion-primary\" id=\"accordion-69e1b1eb45c33\">\n\n            \n                <div class=\"elementskit-card active\">\n                    <div class=\"elementskit-card-header\" id=\"primaryHeading-0-b286123\">\n                        <a href=\"#collapse-9dcfa4d69e1b1eb45c33\" class=\"ekit-accordion--toggler elementskit-btn-link collapsed\" data-ekit-toggle=\"collapse\" data-target=\"#Collapse-9dcfa4d69e1b1eb45c33\" aria-expanded=\"true\" aria-controls=\"Collapse-9dcfa4d69e1b1eb45c33\">\n                            \n                            <span class=\"ekit-accordion-title\">Cosa si intende per emergenza odontoiatrica?<\/span>\n\n                            \n                                <div class=\"ekit_accordion_icon_group\">\n                                    <div class=\"ekit_accordion_normal_icon\">\n                                        <!-- Normal Icon -->\n\t\t\t\t\t\t\t\t\t\t<i class=\"fas fa-plus\"><\/i>                                    <\/div>\n\n                                    <div class=\"ekit_accordion_active_icon\">\n                                        <!-- Active Icon -->\n\t\t\t\t\t\t\t\t\t\t<i class=\"fas fa-minus\"><\/i>                                    <\/div>\n                                <\/div>\n\n                            \n                                                    <\/a>\n                    <\/div>\n\n                    <div id=\"Collapse-9dcfa4d69e1b1eb45c33\" class=\"show collapse\" aria-labelledby=\"primaryHeading-0-b286123\" data-parent=\"#accordion-69e1b1eb45c33\">\n\n                        <div class=\"elementskit-card-body ekit-accordion--content\">\n                            <p>Le emergenze odontoiatriche includono forti mal di denti, denti rotti o rotti e infezioni gengivali.<\/p>                        <\/div>\n\n                    <\/div>\n\n                <\/div><!-- .elementskit-card END -->\n\n                \n                <div class=\"elementskit-card\">\n                    <div class=\"elementskit-card-header\" id=\"primaryHeading-1-b286123\">\n                        <a href=\"#collapse-ae70aa869e1b1eb45c33\" class=\"ekit-accordion--toggler elementskit-btn-link collapsed\" data-ekit-toggle=\"collapse\" data-target=\"#Collapse-ae70aa869e1b1eb45c33\" aria-expanded=\"false\" aria-controls=\"Collapse-ae70aa869e1b1eb45c33\">\n                            \n                            <span class=\"ekit-accordion-title\">Quanto velocemente posso ottenere un appuntamento per un'emergenza?<\/span>\n\n                            \n                                <div class=\"ekit_accordion_icon_group\">\n                                    <div class=\"ekit_accordion_normal_icon\">\n                                        <!-- Normal Icon -->\n\t\t\t\t\t\t\t\t\t\t<i class=\"fas fa-plus\"><\/i>                                    <\/div>\n\n                                    <div class=\"ekit_accordion_active_icon\">\n                                        <!-- Active Icon -->\n\t\t\t\t\t\t\t\t\t\t<i class=\"fas fa-minus\"><\/i>                                    <\/div>\n                                <\/div>\n\n                            \n                                                    <\/a>\n                    <\/div>\n\n                    <div id=\"Collapse-ae70aa869e1b1eb45c33\" class=\"collapse\" aria-labelledby=\"primaryHeading-1-b286123\" data-parent=\"#accordion-69e1b1eb45c33\">\n\n                        <div class=\"elementskit-card-body ekit-accordion--content\">\n                            <p>Diamo priorit\u00e0 ai casi di urgenza e ci impegniamo a riceverti il \u200b\u200bprima possibile, spesso in giornata.<\/p>                        <\/div>\n\n                    <\/div>\n\n                <\/div><!-- .elementskit-card END -->\n\n                \n                <div class=\"elementskit-card\">\n                    <div class=\"elementskit-card-header\" id=\"primaryHeading-2-b286123\">\n                        <a href=\"#collapse-bcee0f169e1b1eb45c33\" class=\"ekit-accordion--toggler elementskit-btn-link collapsed\" data-ekit-toggle=\"collapse\" data-target=\"#Collapse-bcee0f169e1b1eb45c33\" aria-expanded=\"false\" aria-controls=\"Collapse-bcee0f169e1b1eb45c33\">\n                            \n                            <span class=\"ekit-accordion-title\">Cosa devo fare se mi viene strappato un dente?<\/span>\n\n                            \n                                <div class=\"ekit_accordion_icon_group\">\n                                    <div class=\"ekit_accordion_normal_icon\">\n                                        <!-- Normal Icon -->\n\t\t\t\t\t\t\t\t\t\t<i class=\"fas fa-plus\"><\/i>                                    <\/div>\n\n                                    <div class=\"ekit_accordion_active_icon\">\n                                        <!-- Active Icon -->\n\t\t\t\t\t\t\t\t\t\t<i class=\"fas fa-minus\"><\/i>                                    <\/div>\n                                <\/div>\n\n                            \n                                                    <\/a>\n                    <\/div>\n\n                    <div id=\"Collapse-bcee0f169e1b1eb45c33\" class=\"collapse\" aria-labelledby=\"primaryHeading-2-b286123\" data-parent=\"#accordion-69e1b1eb45c33\">\n\n                        <div class=\"elementskit-card-body ekit-accordion--content\">\n                            <p>Sciacquare delicatamente il dente, mantenerlo umido (preferibilmente nel latte) e contattarci immediatamente.<\/p>                        <\/div>\n\n                    <\/div>\n\n                <\/div><!-- .elementskit-card END -->\n\n                \n                <div class=\"elementskit-card\">\n                    <div class=\"elementskit-card-header\" id=\"primaryHeading-3-b286123\">\n                        <a href=\"#collapse-fd98bf569e1b1eb45c33\" class=\"ekit-accordion--toggler elementskit-btn-link collapsed\" data-ekit-toggle=\"collapse\" data-target=\"#Collapse-fd98bf569e1b1eb45c33\" aria-expanded=\"false\" aria-controls=\"Collapse-fd98bf569e1b1eb45c33\">\n                            \n                            <span class=\"ekit-accordion-title\">Avvertir\u00f2 dolore durante una visita d'urgenza?<\/span>\n\n                            \n                                <div class=\"ekit_accordion_icon_group\">\n                                    <div class=\"ekit_accordion_normal_icon\">\n                                        <!-- Normal Icon -->\n\t\t\t\t\t\t\t\t\t\t<i class=\"fas fa-plus\"><\/i>                                    <\/div>\n\n                                    <div class=\"ekit_accordion_active_icon\">\n                                        <!-- Active Icon -->\n\t\t\t\t\t\t\t\t\t\t<i class=\"fas fa-minus\"><\/i>                                    <\/div>\n                                <\/div>\n\n                            \n                                                    <\/a>\n                    <\/div>\n\n                    <div id=\"Collapse-fd98bf569e1b1eb45c33\" class=\"collapse\" aria-labelledby=\"primaryHeading-3-b286123\" data-parent=\"#accordion-69e1b1eb45c33\">\n\n                        <div class=\"elementskit-card-body ekit-accordion--content\">\n                            <p>Offriamo soluzioni di anestesia e di gestione del dolore per garantire il massimo comfort durante il trattamento.<\/p>                        <\/div>\n\n                    <\/div>\n\n                <\/div><!-- .elementskit-card END -->\n\n                \n                <div class=\"elementskit-card\">\n                    <div class=\"elementskit-card-header\" id=\"primaryHeading-4-b286123\">\n                        <a href=\"#collapse-f10202869e1b1eb45c33\" class=\"ekit-accordion--toggler elementskit-btn-link collapsed\" data-ekit-toggle=\"collapse\" data-target=\"#Collapse-f10202869e1b1eb45c33\" aria-expanded=\"false\" aria-controls=\"Collapse-f10202869e1b1eb45c33\">\n                            \n                            <span class=\"ekit-accordion-title\">Le cure odontoiatriche d'urgenza sono pi\u00f9 costose delle cure regolari?<\/span>\n\n                            \n                                <div class=\"ekit_accordion_icon_group\">\n                                    <div class=\"ekit_accordion_normal_icon\">\n                                        <!-- Normal Icon -->\n\t\t\t\t\t\t\t\t\t\t<i class=\"fas fa-plus\"><\/i>                                    <\/div>\n\n                                    <div class=\"ekit_accordion_active_icon\">\n                                        <!-- Active Icon -->\n\t\t\t\t\t\t\t\t\t\t<i class=\"fas fa-minus\"><\/i>                                    <\/div>\n                                <\/div>\n\n                            \n                                                    <\/a>\n                    <\/div>\n\n                    <div id=\"Collapse-f10202869e1b1eb45c33\" class=\"collapse\" aria-labelledby=\"primaryHeading-4-b286123\" data-parent=\"#accordion-69e1b1eb45c33\">\n\n                        <div class=\"elementskit-card-body ekit-accordion--content\">\n                            <p>I costi delle cure d'urgenza possono variare, ma il nostro obiettivo \u00e8 offrire prezzi e opzioni trasparenti per tutti i pazienti.<\/p>                        <\/div>\n\n                    <\/div>\n\n                <\/div><!-- .elementskit-card END -->\n\n                                        <\/div>\n    <\/div>\t\t\t\t<\/div>\n\t\t\t\t<\/div>\n\t\t\t\t<\/div>\n\t\t\t\t<\/div>\n\t\t<div class=\"elementor-element elementor-element-314d541 e-con-full e-flex e-con e-child\" data-id=\"314d541\" data-element_type=\"container\" data-e-type=\"container\">\n\t\t<div class=\"elementor-element elementor-element-6ff75fd e-con-full sticky-column e-flex e-con e-child\" data-id=\"6ff75fd\" data-element_type=\"container\" data-e-type=\"container\">\n\t\t\t\t<div class=\"elementor-element elementor-element-7196625 elementor-widget elementor-widget-primecare-elementor-template\" data-id=\"7196625\" data-element_type=\"widget\" data-e-type=\"widget\" data-settings=\"{&quot;ekit_we_effect_on&quot;:&quot;none&quot;}\" data-widget_type=\"primecare-elementor-template.default\">\n\t\t\t\t<div class=\"elementor-widget-container\">\n\t\t\t\t\t\t\t<div class=\"elementor-template\">\n\t\t\t\t\t<\/div>\n\t\t\t\t\t\t<\/div>\n\t\t\t\t<\/div>\n\t\t\t\t<\/div>\n\t\t\t\t<\/div>\n\t\t\t\t\t<\/div>\n\t\t\t\t<\/div>\n\t\t\t\t<\/div>","protected":false},"excerpt":{"rendered":"<p>Emergency Dental Care Home Emergency dental care is designed to address urgent dental issues that [&hellip;]<\/p>\n","protected":false},"author":1,"featured_media":0,"parent":101,"menu_order":0,"comment_status":"closed","ping_status":"closed","template":"elementor_header_footer","meta":{"footnotes":""},"class_list":["post-6711","page","type-page","status-publish","hentry"],"_links":{"self":[{"href":"https:\/\/ripadent.com\/it\/wp-json\/wp\/v2\/pages\/6711","targetHints":{"allow":["GET"]}}],"collection":[{"href":"https:\/\/ripadent.com\/it\/wp-json\/wp\/v2\/pages"}],"about":[{"href":"https:\/\/ripadent.com\/it\/wp-json\/wp\/v2\/types\/page"}],"author":[{"embeddable":true,"href":"https:\/\/ripadent.com\/it\/wp-json\/wp\/v2\/users\/1"}],"replies":[{"embeddable":true,"href":"https:\/\/ripadent.com\/it\/wp-json\/wp\/v2\/comments?post=6711"}],"version-history":[{"count":37,"href":"https:\/\/ripadent.com\/it\/wp-json\/wp\/v2\/pages\/6711\/revisions"}],"predecessor-version":[{"id":8751,"href":"https:\/\/ripadent.com\/it\/wp-json\/wp\/v2\/pages\/6711\/revisions\/8751"}],"up":[{"embeddable":true,"href":"https:\/\/ripadent.com\/it\/wp-json\/wp\/v2\/pages\/101"}],"wp:attachment":[{"href":"https:\/\/ripadent.com\/it\/wp-json\/wp\/v2\/media?parent=6711"}],"curies":[{"name":"wp","href":"https:\/\/api.w.org\/{rel}","templated":true}]}}