{"id":5680,"date":"2024-10-04T10:25:50","date_gmt":"2024-10-04T10:25:50","guid":{"rendered":"https:\/\/ripadent.com\/\/?page_id=5680"},"modified":"2025-04-09T13:37:18","modified_gmt":"2025-04-09T13:37:18","slug":"cosmetic-dentistry","status":"publish","type":"page","link":"https:\/\/ripadent.com\/it\/services\/cosmetic-dentistry\/","title":{"rendered":"Odontoiatria Estetica"},"content":{"rendered":"<div data-elementor-type=\"wp-page\" data-elementor-id=\"5680\" class=\"elementor elementor-5680\">\n\t\t\t\t<div class=\"elementor-element elementor-element-89c29c3 e-flex e-con-boxed e-con e-parent\" data-id=\"89c29c3\" data-element_type=\"container\" data-e-type=\"container\" data-settings=\"{&quot;background_background&quot;:&quot;classic&quot;}\">\n\t\t\t\t\t<div class=\"e-con-inner\">\n\t\t<div class=\"elementor-element elementor-element-dca0ab1 e-con-full e-flex e-con e-child\" data-id=\"dca0ab1\" data-element_type=\"container\" data-e-type=\"container\">\n\t\t\t\t<div class=\"elementor-element elementor-element-7b54785 at-heading-animation at-animation-heading-style-3 elementor-widget elementor-widget-heading\" data-id=\"7b54785\" data-element_type=\"widget\" data-e-type=\"widget\" data-settings=\"{&quot;ekit_we_effect_on&quot;:&quot;none&quot;}\" data-widget_type=\"heading.default\">\n\t\t\t\t<div class=\"elementor-widget-container\">\n\t\t\t\t\t<h1 class=\"elementor-heading-title elementor-size-default\">Odontoiatria Estetica<\/h1>\t\t\t\t<\/div>\n\t\t\t\t<\/div>\n\t\t\t\t<div class=\"elementor-element elementor-element-671e4d8 elementor-invisible elementor-widget elementor-widget-elementskit-breadcrumb\" data-id=\"671e4d8\" data-element_type=\"widget\" data-e-type=\"widget\" data-settings=\"{&quot;_animation&quot;:&quot;fadeInUp&quot;,&quot;ekit_we_effect_on&quot;:&quot;none&quot;}\" data-widget_type=\"elementskit-breadcrumb.default\">\n\t\t\t\t<div class=\"elementor-widget-container\">\n\t\t\t\t\t<div class=\"ekit-wid-con\" ><ol class=\"ekit-breadcrumb\"><li class=\"ekit_breadcrumbs_start\"><a href=\"https:\/\/ripadent.com\/it\" data-no-translation=\"\" data-trp-gettext=\"\">Home<\/a><\/li> <li class=\"brd_sep\"><span class=\"separate_icon\"><svg xmlns=\"http:\/\/www.w3.org\/2000\/svg\" width=\"6\" height=\"11\" viewbox=\"0 0 6 11\"><path d=\"M0.47836 9.94636L2.28556 5.06251L4.09276 0.178656L5.17933 0.256117L1.56493 10.0238L0.47836 9.94636Z\" fill=\"white\"><\/path><\/svg><\/span><\/li> <li><a href=\"https:\/\/ripadent.com\/it\/services\/\" title=\"Servizi\">Servizi<\/a><\/li> <li class=\"brd_sep\"><span class=\"separate_icon\"><svg xmlns=\"http:\/\/www.w3.org\/2000\/svg\" width=\"6\" height=\"11\" viewbox=\"0 0 6 11\"><path d=\"M0.47836 9.94636L2.28556 5.06251L4.09276 0.178656L5.17933 0.256117L1.56493 10.0238L0.47836 9.94636Z\" fill=\"white\"><\/path><\/svg><\/span><\/li>  <li>Odontoiatria Estetica<\/li><\/ol><\/div>\t\t\t\t<\/div>\n\t\t\t\t<\/div>\n\t\t\t\t<\/div>\n\t\t\t\t\t<\/div>\n\t\t\t\t<\/div>\n\t\t<div class=\"elementor-element elementor-element-32bcbab e-flex e-con-boxed e-con e-parent\" data-id=\"32bcbab\" data-element_type=\"container\" data-e-type=\"container\">\n\t\t\t\t\t<div class=\"e-con-inner\">\n\t\t<div class=\"elementor-element elementor-element-f63b7ec e-con-full e-flex e-con e-child\" data-id=\"f63b7ec\" data-element_type=\"container\" data-e-type=\"container\">\n\t\t<div class=\"elementor-element elementor-element-0ebd1f9 e-con-full e-flex e-con e-child\" data-id=\"0ebd1f9\" data-element_type=\"container\" data-e-type=\"container\">\n\t\t\t\t<div class=\"elementor-element elementor-element-5a09694 v2-service-slider-image elementor-invisible elementor-widget elementor-widget-image-carousel\" data-id=\"5a09694\" data-element_type=\"widget\" data-e-type=\"widget\" data-settings=\"{&quot;slides_to_show&quot;:&quot;1&quot;,&quot;navigation&quot;:&quot;none&quot;,&quot;_animation&quot;:&quot;fadeIn&quot;,&quot;_animation_delay&quot;:200,&quot;autoplay_speed&quot;:2000,&quot;autoplay&quot;:&quot;yes&quot;,&quot;pause_on_interaction&quot;:&quot;yes&quot;,&quot;infinite&quot;:&quot;yes&quot;,&quot;effect&quot;:&quot;slide&quot;,&quot;speed&quot;:500,&quot;ekit_we_effect_on&quot;:&quot;none&quot;}\" data-widget_type=\"image-carousel.default\">\n\t\t\t\t<div class=\"elementor-widget-container\">\n\t\t\t\t\t\t\t<div class=\"elementor-image-carousel-wrapper swiper\" role=\"region\" aria-roledescription=\"carousel\" aria-label=\"Image Carousel\" dir=\"ltr\">\n\t\t\t<div class=\"elementor-image-carousel swiper-wrapper\" aria-live=\"off\">\n\t\t\t\t\t\t\t\t<div class=\"swiper-slide\" role=\"group\" aria-roledescription=\"slide\" aria-label=\"1 di 3\" data-no-translation-aria-label=\"\"><figure class=\"swiper-slide-inner\"><img decoding=\"async\" class=\"swiper-slide-image\" src=\"https:\/\/ripadent.com\/wp-content\/uploads\/2024\/10\/pexels-karolina-grabowska-6627281-scaled.jpg\" alt=\"pexels-karolina-grabowska-6627281\" \/><\/figure><\/div><div class=\"swiper-slide\" role=\"group\" aria-roledescription=\"slide\" aria-label=\"2 di 3\" data-no-translation-aria-label=\"\"><figure class=\"swiper-slide-inner\"><img decoding=\"async\" class=\"swiper-slide-image\" src=\"https:\/\/ripadent.com\/wp-content\/uploads\/2024\/10\/pexels-karolina-grabowska-6627526-scaled.jpg\" alt=\"pexels-karolina-grabowska-6627526\" \/><\/figure><\/div><div class=\"swiper-slide\" role=\"group\" aria-roledescription=\"slide\" aria-label=\"3 di 3\" data-no-translation-aria-label=\"\"><figure class=\"swiper-slide-inner\"><img decoding=\"async\" class=\"swiper-slide-image\" src=\"https:\/\/ripadent.com\/wp-content\/uploads\/2024\/10\/pexels-karolina-grabowska-6627564.jpg\" alt=\"pexels-karolina-grabowska-6627564\" \/><\/figure><\/div>\t\t\t<\/div>\n\t\t\t\t\t\t\t\n\t\t\t\t\t\t\t\t\t<\/div>\n\t\t\t\t\t\t<\/div>\n\t\t\t\t<\/div>\n\t\t\t\t<\/div>\n\t\t<div class=\"elementor-element elementor-element-d54c1b0 e-con-full e-flex e-con e-child\" data-id=\"d54c1b0\" data-element_type=\"container\" data-e-type=\"container\">\n\t\t\t\t<div class=\"elementor-element elementor-element-1719713 elementor-invisible elementor-widget elementor-widget-text-editor\" data-id=\"1719713\" data-element_type=\"widget\" data-e-type=\"widget\" data-settings=\"{&quot;_animation&quot;:&quot;fadeInUp&quot;,&quot;ekit_we_effect_on&quot;:&quot;none&quot;}\" data-widget_type=\"text-editor.default\">\n\t\t\t\t<div class=\"elementor-widget-container\">\n\t\t\t\t\t\t\t\t\t<p>L'odontoiatria estetica \u00e8 dedicata a migliorare l'aspetto del tuo sorriso attraverso una variet\u00e0 di trattamenti specializzati. Questo campo si concentra sul miglioramento del colore, della forma e dell'allineamento dei tuoi denti, consentendoti di ottenere un sorriso pi\u00f9 sicuro e attraente. Le procedure comuni includono lo sbiancamento dei denti, le faccette, il bonding e i trattamenti ortodontici, tutti progettati per soddisfare i tuoi obiettivi estetici individuali.<\/p><p>Lo sbiancamento dei denti illumina efficacemente i denti scoloriti, mentre le faccette offrono una soluzione dall'aspetto naturale per imperfezioni come scheggiature, spazi vuoti o denti deformi. Il bonding ripara piccoli difetti e pu\u00f2 anche migliorare la forma generale dei denti. I trattamenti ortodontici, come apparecchi ortodontici o allineatori trasparenti, aiutano a correggere il disallineamento, contribuendo a un sorriso equilibrato. Ognuno di questi servizi mira a migliorare non solo l'estetica del tuo sorriso, ma anche la tua autostima.<\/p>\t\t\t\t\t\t\t\t<\/div>\n\t\t\t\t<\/div>\n\t\t\t\t<div class=\"elementor-element elementor-element-61f5e14 at-heading-animation at-animation-heading-style-3 elementor-widget elementor-widget-heading\" data-id=\"61f5e14\" data-element_type=\"widget\" data-e-type=\"widget\" data-settings=\"{&quot;ekit_we_effect_on&quot;:&quot;none&quot;}\" data-widget_type=\"heading.default\">\n\t\t\t\t<div class=\"elementor-widget-container\">\n\t\t\t\t\t<h2 class=\"elementor-heading-title elementor-size-default\">Principali Vantaggi Dell'Odontoiatria Estetica<\/h2>\t\t\t\t<\/div>\n\t\t\t\t<\/div>\n\t\t\t\t<div class=\"elementor-element elementor-element-892ffff elementor-invisible elementor-widget elementor-widget-text-editor\" data-id=\"892ffff\" data-element_type=\"widget\" data-e-type=\"widget\" data-settings=\"{&quot;_animation&quot;:&quot;fadeInUp&quot;,&quot;_animation_delay&quot;:100,&quot;ekit_we_effect_on&quot;:&quot;none&quot;}\" data-widget_type=\"text-editor.default\">\n\t\t\t\t<div class=\"elementor-widget-container\">\n\t\t\t\t\t\t\t\t\t<p>L'odontoiatria estetica offre una serie di vantaggi che vanno oltre il semplice aspetto. Un bel sorriso pu\u00f2 aumentare significativamente la tua autostima e migliorare la tua qualit\u00e0 di vita complessiva. Un'estetica migliorata spesso porta a interazioni personali e professionali pi\u00f9 positive, facendoti sentire pi\u00f9 sicuro in vari contesti sociali. Inoltre, molti trattamenti estetici offrono anche vantaggi restaurativi, assicurando che il tuo sorriso non sia solo bello, ma anche funzionale e sano. Investendo nell'odontoiatria estetica, stai investendo nella tua sicurezza e nel tuo benessere.<\/p>\t\t\t\t\t\t\t\t<\/div>\n\t\t\t\t<\/div>\n\t\t\t\t<\/div>\n\t\t<div class=\"elementor-element elementor-element-c54f565 e-con-full e-flex e-con e-child\" data-id=\"c54f565\" data-element_type=\"container\" data-e-type=\"container\">\n\t\t\t\t<div class=\"elementor-element elementor-element-b7efea3 elementor-widget__width-initial elementor-icon-list--layout-traditional elementor-list-item-link-full_width elementor-invisible elementor-widget elementor-widget-icon-list\" data-id=\"b7efea3\" data-element_type=\"widget\" data-e-type=\"widget\" data-settings=\"{&quot;_animation&quot;:&quot;fadeInUp&quot;,&quot;_animation_delay&quot;:100,&quot;ekit_we_effect_on&quot;:&quot;none&quot;}\" data-widget_type=\"icon-list.default\">\n\t\t\t\t<div class=\"elementor-widget-container\">\n\t\t\t\t\t\t\t<ul class=\"elementor-icon-list-items\">\n\t\t\t\t\t\t\t<li class=\"elementor-icon-list-item\">\n\t\t\t\t\t\t\t\t\t\t\t<span class=\"elementor-icon-list-icon\">\n\t\t\t\t\t\t\t<i aria-hidden=\"true\" class=\"fas fa-check-square\"><\/i>\t\t\t\t\t\t<\/span>\n\t\t\t\t\t\t\t\t\t\t<span class=\"elementor-icon-list-text\">Aspetto Migliorato<\/span>\n\t\t\t\t\t\t\t\t\t<\/li>\n\t\t\t\t\t\t\t\t<li class=\"elementor-icon-list-item\">\n\t\t\t\t\t\t\t\t\t\t\t<span class=\"elementor-icon-list-icon\">\n\t\t\t\t\t\t\t<i aria-hidden=\"true\" class=\"fas fa-check-square\"><\/i>\t\t\t\t\t\t<\/span>\n\t\t\t\t\t\t\t\t\t\t<span class=\"elementor-icon-list-text\">Soluzioni Personalizzate<\/span>\n\t\t\t\t\t\t\t\t\t<\/li>\n\t\t\t\t\t\t\t\t<li class=\"elementor-icon-list-item\">\n\t\t\t\t\t\t\t\t\t\t\t<span class=\"elementor-icon-list-icon\">\n\t\t\t\t\t\t\t<i aria-hidden=\"true\" class=\"fas fa-check-square\"><\/i>\t\t\t\t\t\t<\/span>\n\t\t\t\t\t\t\t\t\t\t<span class=\"elementor-icon-list-text\">Funzionalit\u00e0 Migliorata<\/span>\n\t\t\t\t\t\t\t\t\t<\/li>\n\t\t\t\t\t\t\t\t<li class=\"elementor-icon-list-item\">\n\t\t\t\t\t\t\t\t\t\t\t<span class=\"elementor-icon-list-icon\">\n\t\t\t\t\t\t\t<i aria-hidden=\"true\" class=\"fas fa-check-square\"><\/i>\t\t\t\t\t\t<\/span>\n\t\t\t\t\t\t\t\t\t\t<span class=\"elementor-icon-list-text\">Opzioni Non Invasive<\/span>\n\t\t\t\t\t\t\t\t\t<\/li>\n\t\t\t\t\t\t\t\t<li class=\"elementor-icon-list-item\">\n\t\t\t\t\t\t\t\t\t\t\t<span class=\"elementor-icon-list-icon\">\n\t\t\t\t\t\t\t<i aria-hidden=\"true\" class=\"fas fa-check-square\"><\/i>\t\t\t\t\t\t<\/span>\n\t\t\t\t\t\t\t\t\t\t<span class=\"elementor-icon-list-text\">Risultati Duraturi<\/span>\n\t\t\t\t\t\t\t\t\t<\/li>\n\t\t\t\t\t\t<\/ul>\n\t\t\t\t\t\t<\/div>\n\t\t\t\t<\/div>\n\t\t\t\t<\/div>\n\t\t<div class=\"elementor-element elementor-element-2027528 e-con-full e-flex e-con e-child\" data-id=\"2027528\" data-element_type=\"container\" data-e-type=\"container\">\n\t\t\t\t<div class=\"elementor-element elementor-element-a1e5c27 elementor-position-left elementor-vertical-align-middle elementor-invisible elementor-widget elementor-widget-image-box\" data-id=\"a1e5c27\" data-element_type=\"widget\" data-e-type=\"widget\" data-settings=\"{&quot;_animation&quot;:&quot;fadeInUp&quot;,&quot;ekit_we_effect_on&quot;:&quot;none&quot;}\" data-widget_type=\"image-box.default\">\n\t\t\t\t<div class=\"elementor-widget-container\">\n\t\t\t\t\t<div class=\"elementor-image-box-wrapper\"><figure class=\"elementor-image-box-img\"><img fetchpriority=\"high\" decoding=\"async\" width=\"459\" height=\"460\" src=\"https:\/\/ripadent.com\/wp-content\/uploads\/2025\/04\/Artboard-4.png\" class=\"attachment-full size-full wp-image-8713\" alt=\"\" srcset=\"https:\/\/ripadent.com\/wp-content\/uploads\/2025\/04\/Artboard-4.png 459w, https:\/\/ripadent.com\/wp-content\/uploads\/2025\/04\/Artboard-4-300x300.png 300w, https:\/\/ripadent.com\/wp-content\/uploads\/2025\/04\/Artboard-4-150x150.png 150w, https:\/\/ripadent.com\/wp-content\/uploads\/2025\/04\/Artboard-4-12x12.png 12w\" sizes=\"(max-width: 459px) 100vw, 459px\" \/><\/figure><div class=\"elementor-image-box-content\"><h3 class=\"elementor-image-box-title\">Faqs<\/h3><\/div><\/div>\t\t\t\t<\/div>\n\t\t\t\t<\/div>\n\t\t\t\t<div class=\"elementor-element elementor-element-71c4b2d at-heading-animation at-animation-heading-style-3 elementor-widget elementor-widget-heading\" data-id=\"71c4b2d\" data-element_type=\"widget\" data-e-type=\"widget\" data-settings=\"{&quot;ekit_we_effect_on&quot;:&quot;none&quot;}\" data-widget_type=\"heading.default\">\n\t\t\t\t<div class=\"elementor-widget-container\">\n\t\t\t\t\t<h2 class=\"elementor-heading-title elementor-size-default\">Tutto quello che devi sapere sulla odontoiatria estetica<\/h2>\t\t\t\t<\/div>\n\t\t\t\t<\/div>\n\t\t\t\t<div class=\"elementor-element elementor-element-492fd4e v2-our-faqs-accordion elementor-widget elementor-widget-elementskit-accordion\" data-id=\"492fd4e\" data-element_type=\"widget\" data-e-type=\"widget\" data-settings=\"{&quot;ekit_we_effect_on&quot;:&quot;none&quot;}\" data-widget_type=\"elementskit-accordion.default\">\n\t\t\t\t<div class=\"elementor-widget-container\">\n\t\t\t\t\t<div class=\"ekit-wid-con\" >\n        <div class=\"elementskit-accordion accoedion-primary\" id=\"accordion-69e14946d9cec\">\n\n            \n                <div class=\"elementskit-card active\">\n                    <div class=\"elementskit-card-header\" id=\"primaryHeading-0-492fd4e\">\n                        <a href=\"#collapse-9dcfa4d69e14946d9cec\" class=\"ekit-accordion--toggler elementskit-btn-link collapsed\" data-ekit-toggle=\"collapse\" data-target=\"#Collapse-9dcfa4d69e14946d9cec\" aria-expanded=\"true\" aria-controls=\"Collapse-9dcfa4d69e14946d9cec\">\n                            \n                            <span class=\"ekit-accordion-title\">Quali procedure cosmetiche offrite?<\/span>\n\n                            \n                                <div class=\"ekit_accordion_icon_group\">\n                                    <div class=\"ekit_accordion_normal_icon\">\n                                        <!-- Normal Icon -->\n\t\t\t\t\t\t\t\t\t\t<i class=\"fas fa-plus\"><\/i>                                    <\/div>\n\n                                    <div class=\"ekit_accordion_active_icon\">\n                                        <!-- Active Icon -->\n\t\t\t\t\t\t\t\t\t\t<i class=\"fas fa-minus\"><\/i>                                    <\/div>\n                                <\/div>\n\n                            \n                                                    <\/a>\n                    <\/div>\n\n                    <div id=\"Collapse-9dcfa4d69e14946d9cec\" class=\"show collapse\" aria-labelledby=\"primaryHeading-0-492fd4e\" data-parent=\"#accordion-69e14946d9cec\">\n\n                        <div class=\"elementskit-card-body ekit-accordion--content\">\n                            <p>Offriamo una vasta gamma di servizi, tra cui lo sbiancamento dei denti, le faccette, il bonding e l'ortodonzia.<\/p>                        <\/div>\n\n                    <\/div>\n\n                <\/div><!-- .elementskit-card END -->\n\n                \n                <div class=\"elementskit-card\">\n                    <div class=\"elementskit-card-header\" id=\"primaryHeading-1-492fd4e\">\n                        <a href=\"#collapse-ae70aa869e14946d9cec\" class=\"ekit-accordion--toggler elementskit-btn-link collapsed\" data-ekit-toggle=\"collapse\" data-target=\"#Collapse-ae70aa869e14946d9cec\" aria-expanded=\"false\" aria-controls=\"Collapse-ae70aa869e14946d9cec\">\n                            \n                            <span class=\"ekit-accordion-title\">Quanto dura lo sbiancamento dei denti?<\/span>\n\n                            \n                                <div class=\"ekit_accordion_icon_group\">\n                                    <div class=\"ekit_accordion_normal_icon\">\n                                        <!-- Normal Icon -->\n\t\t\t\t\t\t\t\t\t\t<i class=\"fas fa-plus\"><\/i>                                    <\/div>\n\n                                    <div class=\"ekit_accordion_active_icon\">\n                                        <!-- Active Icon -->\n\t\t\t\t\t\t\t\t\t\t<i class=\"fas fa-minus\"><\/i>                                    <\/div>\n                                <\/div>\n\n                            \n                                                    <\/a>\n                    <\/div>\n\n                    <div id=\"Collapse-ae70aa869e14946d9cec\" class=\"collapse\" aria-labelledby=\"primaryHeading-1-492fd4e\" data-parent=\"#accordion-69e14946d9cec\">\n\n                        <div class=\"elementskit-card-body ekit-accordion--content\">\n                            <p>I risultati possono durare da diversi mesi ad anni, a seconda delle abitudini orali e della manutenzione.<\/p>                        <\/div>\n\n                    <\/div>\n\n                <\/div><!-- .elementskit-card END -->\n\n                \n                <div class=\"elementskit-card\">\n                    <div class=\"elementskit-card-header\" id=\"primaryHeading-2-492fd4e\">\n                        <a href=\"#collapse-bcee0f169e14946d9cec\" class=\"ekit-accordion--toggler elementskit-btn-link collapsed\" data-ekit-toggle=\"collapse\" data-target=\"#Collapse-bcee0f169e14946d9cec\" aria-expanded=\"false\" aria-controls=\"Collapse-bcee0f169e14946d9cec\">\n                            \n                            <span class=\"ekit-accordion-title\">Le faccette sono una soluzione permanente?<\/span>\n\n                            \n                                <div class=\"ekit_accordion_icon_group\">\n                                    <div class=\"ekit_accordion_normal_icon\">\n                                        <!-- Normal Icon -->\n\t\t\t\t\t\t\t\t\t\t<i class=\"fas fa-plus\"><\/i>                                    <\/div>\n\n                                    <div class=\"ekit_accordion_active_icon\">\n                                        <!-- Active Icon -->\n\t\t\t\t\t\t\t\t\t\t<i class=\"fas fa-minus\"><\/i>                                    <\/div>\n                                <\/div>\n\n                            \n                                                    <\/a>\n                    <\/div>\n\n                    <div id=\"Collapse-bcee0f169e14946d9cec\" class=\"collapse\" aria-labelledby=\"primaryHeading-2-492fd4e\" data-parent=\"#accordion-69e14946d9cec\">\n\n                        <div class=\"elementskit-card-body ekit-accordion--content\">\n                            <p>Sebbene le faccette siano durevoli, dopo diversi anni potrebbe essere necessario sostituirle a causa dell'usura.<\/p>                        <\/div>\n\n                    <\/div>\n\n                <\/div><!-- .elementskit-card END -->\n\n                \n                <div class=\"elementskit-card\">\n                    <div class=\"elementskit-card-header\" id=\"primaryHeading-3-492fd4e\">\n                        <a href=\"#collapse-fd98bf569e14946d9cec\" class=\"ekit-accordion--toggler elementskit-btn-link collapsed\" data-ekit-toggle=\"collapse\" data-target=\"#Collapse-fd98bf569e14946d9cec\" aria-expanded=\"false\" aria-controls=\"Collapse-fd98bf569e14946d9cec\">\n                            \n                            <span class=\"ekit-accordion-title\">L'odontoiatria estetica \u00e8 sicura?<\/span>\n\n                            \n                                <div class=\"ekit_accordion_icon_group\">\n                                    <div class=\"ekit_accordion_normal_icon\">\n                                        <!-- Normal Icon -->\n\t\t\t\t\t\t\t\t\t\t<i class=\"fas fa-plus\"><\/i>                                    <\/div>\n\n                                    <div class=\"ekit_accordion_active_icon\">\n                                        <!-- Active Icon -->\n\t\t\t\t\t\t\t\t\t\t<i class=\"fas fa-minus\"><\/i>                                    <\/div>\n                                <\/div>\n\n                            \n                                                    <\/a>\n                    <\/div>\n\n                    <div id=\"Collapse-fd98bf569e14946d9cec\" class=\"collapse\" aria-labelledby=\"primaryHeading-3-492fd4e\" data-parent=\"#accordion-69e14946d9cec\">\n\n                        <div class=\"elementskit-card-body ekit-accordion--content\">\n                            <p>S\u00ec, tutti i nostri interventi di chirurgia estetica vengono eseguiti utilizzando materiali e tecniche sicuri e di alta qualit\u00e0.<\/p>                        <\/div>\n\n                    <\/div>\n\n                <\/div><!-- .elementskit-card END -->\n\n                \n                <div class=\"elementskit-card\">\n                    <div class=\"elementskit-card-header\" id=\"primaryHeading-4-492fd4e\">\n                        <a href=\"#collapse-f10202869e14946d9cec\" class=\"ekit-accordion--toggler elementskit-btn-link collapsed\" data-ekit-toggle=\"collapse\" data-target=\"#Collapse-f10202869e14946d9cec\" aria-expanded=\"false\" aria-controls=\"Collapse-f10202869e14946d9cec\">\n                            \n                            <span class=\"ekit-accordion-title\">Come posso capire quale trattamento estetico \u00e8 pi\u00f9 adatto a me?<\/span>\n\n                            \n                                <div class=\"ekit_accordion_icon_group\">\n                                    <div class=\"ekit_accordion_normal_icon\">\n                                        <!-- Normal Icon -->\n\t\t\t\t\t\t\t\t\t\t<i class=\"fas fa-plus\"><\/i>                                    <\/div>\n\n                                    <div class=\"ekit_accordion_active_icon\">\n                                        <!-- Active Icon -->\n\t\t\t\t\t\t\t\t\t\t<i class=\"fas fa-minus\"><\/i>                                    <\/div>\n                                <\/div>\n\n                            \n                                                    <\/a>\n                    <\/div>\n\n                    <div id=\"Collapse-f10202869e14946d9cec\" class=\"collapse\" aria-labelledby=\"primaryHeading-4-492fd4e\" data-parent=\"#accordion-69e14946d9cec\">\n\n                        <div class=\"elementskit-card-body ekit-accordion--content\">\n                            <p>Una consulenza con il nostro team ti aiuter\u00e0 a valutare le tue esigenze e a consigliarti le opzioni migliori per il tuo sorriso.<\/p>                        <\/div>\n\n                    <\/div>\n\n                <\/div><!-- .elementskit-card END -->\n\n                                        <\/div>\n    <\/div>\t\t\t\t<\/div>\n\t\t\t\t<\/div>\n\t\t\t\t<\/div>\n\t\t\t\t<\/div>\n\t\t<div class=\"elementor-element elementor-element-d7303b7 e-con-full e-flex e-con e-child\" data-id=\"d7303b7\" data-element_type=\"container\" data-e-type=\"container\">\n\t\t<div class=\"elementor-element elementor-element-d1f3d43 e-con-full sticky-column e-flex e-con e-child\" data-id=\"d1f3d43\" data-element_type=\"container\" data-e-type=\"container\">\n\t\t\t\t<div class=\"elementor-element elementor-element-2048a64 elementor-widget elementor-widget-primecare-elementor-template\" data-id=\"2048a64\" data-element_type=\"widget\" data-e-type=\"widget\" data-settings=\"{&quot;ekit_we_effect_on&quot;:&quot;none&quot;}\" data-widget_type=\"primecare-elementor-template.default\">\n\t\t\t\t<div class=\"elementor-widget-container\">\n\t\t\t\t\t\t\t<div class=\"elementor-template\">\n\t\t\t\t\t<\/div>\n\t\t\t\t\t\t<\/div>\n\t\t\t\t<\/div>\n\t\t\t\t<\/div>\n\t\t\t\t<\/div>\n\t\t\t\t\t<\/div>\n\t\t\t\t<\/div>\n\t\t\t\t<\/div>","protected":false},"excerpt":{"rendered":"<p>Cosmetic Dentistry Home Cosmetic dentistry is dedicated to enhancing the appearance of your smile through [&hellip;]<\/p>\n","protected":false},"author":1,"featured_media":0,"parent":101,"menu_order":0,"comment_status":"closed","ping_status":"closed","template":"elementor_header_footer","meta":{"footnotes":""},"class_list":["post-5680","page","type-page","status-publish","hentry"],"_links":{"self":[{"href":"https:\/\/ripadent.com\/it\/wp-json\/wp\/v2\/pages\/5680","targetHints":{"allow":["GET"]}}],"collection":[{"href":"https:\/\/ripadent.com\/it\/wp-json\/wp\/v2\/pages"}],"about":[{"href":"https:\/\/ripadent.com\/it\/wp-json\/wp\/v2\/types\/page"}],"author":[{"embeddable":true,"href":"https:\/\/ripadent.com\/it\/wp-json\/wp\/v2\/users\/1"}],"replies":[{"embeddable":true,"href":"https:\/\/ripadent.com\/it\/wp-json\/wp\/v2\/comments?post=5680"}],"version-history":[{"count":46,"href":"https:\/\/ripadent.com\/it\/wp-json\/wp\/v2\/pages\/5680\/revisions"}],"predecessor-version":[{"id":8742,"href":"https:\/\/ripadent.com\/it\/wp-json\/wp\/v2\/pages\/5680\/revisions\/8742"}],"up":[{"embeddable":true,"href":"https:\/\/ripadent.com\/it\/wp-json\/wp\/v2\/pages\/101"}],"wp:attachment":[{"href":"https:\/\/ripadent.com\/it\/wp-json\/wp\/v2\/media?parent=5680"}],"curies":[{"name":"wp","href":"https:\/\/api.w.org\/{rel}","templated":true}]}}