{"id":2485,"date":"2024-10-02T10:32:20","date_gmt":"2024-10-02T10:32:20","guid":{"rendered":"https:\/\/ripadent.com\/\/?page_id=2485"},"modified":"2025-04-09T13:36:45","modified_gmt":"2025-04-09T13:36:45","slug":"dental-care","status":"publish","type":"page","link":"https:\/\/ripadent.com\/it\/services\/dental-care\/","title":{"rendered":"Cura Dentale"},"content":{"rendered":"<div data-elementor-type=\"wp-page\" data-elementor-id=\"2485\" class=\"elementor elementor-2485\">\n\t\t\t\t<div class=\"elementor-element elementor-element-89c29c3 e-flex e-con-boxed e-con e-parent\" data-id=\"89c29c3\" data-element_type=\"container\" data-e-type=\"container\" data-settings=\"{&quot;background_background&quot;:&quot;classic&quot;}\">\n\t\t\t\t\t<div class=\"e-con-inner\">\n\t\t<div class=\"elementor-element elementor-element-dca0ab1 e-con-full e-flex e-con e-child\" data-id=\"dca0ab1\" data-element_type=\"container\" data-e-type=\"container\">\n\t\t\t\t<div class=\"elementor-element elementor-element-7b54785 at-heading-animation at-animation-heading-style-3 elementor-widget elementor-widget-heading\" data-id=\"7b54785\" data-element_type=\"widget\" data-e-type=\"widget\" data-settings=\"{&quot;ekit_we_effect_on&quot;:&quot;none&quot;}\" data-widget_type=\"heading.default\">\n\t\t\t\t<div class=\"elementor-widget-container\">\n\t\t\t\t\t<h1 class=\"elementor-heading-title elementor-size-default\">Cura Dentale<\/h1>\t\t\t\t<\/div>\n\t\t\t\t<\/div>\n\t\t\t\t<div class=\"elementor-element elementor-element-671e4d8 elementor-invisible elementor-widget elementor-widget-elementskit-breadcrumb\" data-id=\"671e4d8\" data-element_type=\"widget\" data-e-type=\"widget\" data-settings=\"{&quot;_animation&quot;:&quot;fadeInUp&quot;,&quot;ekit_we_effect_on&quot;:&quot;none&quot;}\" data-widget_type=\"elementskit-breadcrumb.default\">\n\t\t\t\t<div class=\"elementor-widget-container\">\n\t\t\t\t\t<div class=\"ekit-wid-con\" ><ol class=\"ekit-breadcrumb\"><li class=\"ekit_breadcrumbs_start\"><a href=\"https:\/\/ripadent.com\/it\/\">Home<\/a><\/li> <li class=\"brd_sep\"><span class=\"separate_icon\"><svg xmlns=\"http:\/\/www.w3.org\/2000\/svg\" width=\"6\" height=\"11\" viewbox=\"0 0 6 11\"><path d=\"M0.47836 9.94636L2.28556 5.06251L4.09276 0.178656L5.17933 0.256117L1.56493 10.0238L0.47836 9.94636Z\" fill=\"white\"><\/path><\/svg><\/span><\/li> <li><a href=\"https:\/\/ripadent.com\/it\/services\/\" title=\"Servizi\">Servizi<\/a><\/li> <li class=\"brd_sep\"><span class=\"separate_icon\"><svg xmlns=\"http:\/\/www.w3.org\/2000\/svg\" width=\"6\" height=\"11\" viewbox=\"0 0 6 11\"><path d=\"M0.47836 9.94636L2.28556 5.06251L4.09276 0.178656L5.17933 0.256117L1.56493 10.0238L0.47836 9.94636Z\" fill=\"white\"><\/path><\/svg><\/span><\/li>  <li>Cura Dentale<\/li><\/ol><\/div>\t\t\t\t<\/div>\n\t\t\t\t<\/div>\n\t\t\t\t<\/div>\n\t\t\t\t\t<\/div>\n\t\t\t\t<\/div>\n\t\t<div class=\"elementor-element elementor-element-32bcbab e-flex e-con-boxed e-con e-parent\" data-id=\"32bcbab\" data-element_type=\"container\" data-e-type=\"container\">\n\t\t\t\t\t<div class=\"e-con-inner\">\n\t\t<div class=\"elementor-element elementor-element-f63b7ec e-con-full e-flex e-con e-child\" data-id=\"f63b7ec\" data-element_type=\"container\" data-e-type=\"container\">\n\t\t<div class=\"elementor-element elementor-element-d54c1b0 e-con-full e-flex e-con e-child\" data-id=\"d54c1b0\" data-element_type=\"container\" data-e-type=\"container\">\n\t\t\t\t<div class=\"elementor-element elementor-element-1719713 elementor-invisible elementor-widget elementor-widget-text-editor\" data-id=\"1719713\" data-element_type=\"widget\" data-e-type=\"widget\" data-settings=\"{&quot;_animation&quot;:&quot;fadeInUp&quot;,&quot;ekit_we_effect_on&quot;:&quot;none&quot;}\" data-widget_type=\"text-editor.default\">\n\t\t\t\t<div class=\"elementor-widget-container\">\n\t\t\t\t\t\t\t\t\t<p>La cura dentale comprende una serie di servizi incentrati sul mantenimento della salute di denti e gengive. Include visite di routine per pulizie ed esami per individuare tempestivamente eventuali problemi. Una cura dentale regolare aiuta a prevenire problemi come carie e malattie gengivali.<\/p><p>I servizi di routine includono trattamenti preventivi come pulizie e applicazioni di fluoro, che sono importanti per mantenere una buona igiene orale. L'assistenza odontoiatrica comprende anche procedure restaurative, come otturazioni e corone, per riparare i denti danneggiati.<\/p>\t\t\t\t\t\t\t\t<\/div>\n\t\t\t\t<\/div>\n\t\t\t\t<div class=\"elementor-element elementor-element-61f5e14 at-heading-animation at-animation-heading-style-3 elementor-widget elementor-widget-heading\" data-id=\"61f5e14\" data-element_type=\"widget\" data-e-type=\"widget\" data-settings=\"{&quot;ekit_we_effect_on&quot;:&quot;none&quot;}\" data-widget_type=\"heading.default\">\n\t\t\t\t<div class=\"elementor-widget-container\">\n\t\t\t\t\t<h2 class=\"elementor-heading-title elementor-size-default\">Principali Vantaggi Dell'Assistenza Odontoiatrica<\/h2>\t\t\t\t<\/div>\n\t\t\t\t<\/div>\n\t\t\t\t<div class=\"elementor-element elementor-element-892ffff elementor-invisible elementor-widget elementor-widget-text-editor\" data-id=\"892ffff\" data-element_type=\"widget\" data-e-type=\"widget\" data-settings=\"{&quot;_animation&quot;:&quot;fadeInUp&quot;,&quot;_animation_delay&quot;:100,&quot;ekit_we_effect_on&quot;:&quot;none&quot;}\" data-widget_type=\"text-editor.default\">\n\t\t\t\t<div class=\"elementor-widget-container\">\n\t\t\t\t\t\t\t\t\t<p>La cura dentale regolare offre molti benefici per la salute orale. Consente la diagnosi precoce di problemi come carie e malattie gengivali, il che aiuta a prevenire problemi pi\u00f9 seri. Visite regolari promuovono anche migliori abitudini di igiene orale, assicurandoti di mantenere un sorriso sano e bello.<\/p>\t\t\t\t\t\t\t\t<\/div>\n\t\t\t\t<\/div>\n\t\t\t\t<\/div>\n\t\t<div class=\"elementor-element elementor-element-c54f565 e-con-full e-flex e-con e-child\" data-id=\"c54f565\" data-element_type=\"container\" data-e-type=\"container\">\n\t\t\t\t<div class=\"elementor-element elementor-element-b7efea3 elementor-widget__width-initial elementor-icon-list--layout-traditional elementor-list-item-link-full_width elementor-invisible elementor-widget elementor-widget-icon-list\" data-id=\"b7efea3\" data-element_type=\"widget\" data-e-type=\"widget\" data-settings=\"{&quot;_animation&quot;:&quot;fadeInUp&quot;,&quot;_animation_delay&quot;:100,&quot;ekit_we_effect_on&quot;:&quot;none&quot;}\" data-widget_type=\"icon-list.default\">\n\t\t\t\t<div class=\"elementor-widget-container\">\n\t\t\t\t\t\t\t<ul class=\"elementor-icon-list-items\">\n\t\t\t\t\t\t\t<li class=\"elementor-icon-list-item\">\n\t\t\t\t\t\t\t\t\t\t\t<span class=\"elementor-icon-list-icon\">\n\t\t\t\t\t\t\t<i aria-hidden=\"true\" class=\"fas fa-check-square\"><\/i>\t\t\t\t\t\t<\/span>\n\t\t\t\t\t\t\t\t\t\t<span class=\"elementor-icon-list-text\">Prevenzione Dei Problemi Dentali<\/span>\n\t\t\t\t\t\t\t\t\t<\/li>\n\t\t\t\t\t\t\t\t<li class=\"elementor-icon-list-item\">\n\t\t\t\t\t\t\t\t\t\t\t<span class=\"elementor-icon-list-icon\">\n\t\t\t\t\t\t\t<i aria-hidden=\"true\" class=\"fas fa-check-square\"><\/i>\t\t\t\t\t\t<\/span>\n\t\t\t\t\t\t\t\t\t\t<span class=\"elementor-icon-list-text\">Servizi completi<\/span>\n\t\t\t\t\t\t\t\t\t<\/li>\n\t\t\t\t\t\t\t\t<li class=\"elementor-icon-list-item\">\n\t\t\t\t\t\t\t\t\t\t\t<span class=\"elementor-icon-list-icon\">\n\t\t\t\t\t\t\t<i aria-hidden=\"true\" class=\"fas fa-check-square\"><\/i>\t\t\t\t\t\t<\/span>\n\t\t\t\t\t\t\t\t\t\t<span class=\"elementor-icon-list-text\">Piani di Trattamento Personalizzati<\/span>\n\t\t\t\t\t\t\t\t\t<\/li>\n\t\t\t\t\t\t\t\t<li class=\"elementor-icon-list-item\">\n\t\t\t\t\t\t\t\t\t\t\t<span class=\"elementor-icon-list-icon\">\n\t\t\t\t\t\t\t<i aria-hidden=\"true\" class=\"fas fa-check-square\"><\/i>\t\t\t\t\t\t<\/span>\n\t\t\t\t\t\t\t\t\t\t<span class=\"elementor-icon-list-text\">Formazione Sull'Igiene Orale<\/span>\n\t\t\t\t\t\t\t\t\t<\/li>\n\t\t\t\t\t\t\t\t<li class=\"elementor-icon-list-item\">\n\t\t\t\t\t\t\t\t\t\t\t<span class=\"elementor-icon-list-icon\">\n\t\t\t\t\t\t\t<i aria-hidden=\"true\" class=\"fas fa-check-square\"><\/i>\t\t\t\t\t\t<\/span>\n\t\t\t\t\t\t\t\t\t\t<span class=\"elementor-icon-list-text\">Miglioramento Della Salute Generale<\/span>\n\t\t\t\t\t\t\t\t\t<\/li>\n\t\t\t\t\t\t<\/ul>\n\t\t\t\t\t\t<\/div>\n\t\t\t\t<\/div>\n\t\t\t\t<\/div>\n\t\t<div class=\"elementor-element elementor-element-2027528 e-con-full e-flex e-con e-child\" data-id=\"2027528\" data-element_type=\"container\" data-e-type=\"container\">\n\t\t\t\t<div class=\"elementor-element elementor-element-a9c5731 elementor-position-left elementor-vertical-align-middle elementor-invisible elementor-widget elementor-widget-image-box\" data-id=\"a9c5731\" data-element_type=\"widget\" data-e-type=\"widget\" data-settings=\"{&quot;_animation&quot;:&quot;fadeInUp&quot;,&quot;ekit_we_effect_on&quot;:&quot;none&quot;}\" data-widget_type=\"image-box.default\">\n\t\t\t\t<div class=\"elementor-widget-container\">\n\t\t\t\t\t<div class=\"elementor-image-box-wrapper\"><figure class=\"elementor-image-box-img\"><img fetchpriority=\"high\" decoding=\"async\" width=\"459\" height=\"460\" src=\"https:\/\/ripadent.com\/wp-content\/uploads\/2025\/04\/Artboard-4.png\" class=\"attachment-full size-full wp-image-8713\" alt=\"\" srcset=\"https:\/\/ripadent.com\/wp-content\/uploads\/2025\/04\/Artboard-4.png 459w, https:\/\/ripadent.com\/wp-content\/uploads\/2025\/04\/Artboard-4-300x300.png 300w, https:\/\/ripadent.com\/wp-content\/uploads\/2025\/04\/Artboard-4-150x150.png 150w, https:\/\/ripadent.com\/wp-content\/uploads\/2025\/04\/Artboard-4-12x12.png 12w\" sizes=\"(max-width: 459px) 100vw, 459px\" \/><\/figure><div class=\"elementor-image-box-content\"><h3 class=\"elementor-image-box-title\">Faqs<\/h3><\/div><\/div>\t\t\t\t<\/div>\n\t\t\t\t<\/div>\n\t\t\t\t<div class=\"elementor-element elementor-element-71c4b2d at-heading-animation at-animation-heading-style-3 elementor-widget elementor-widget-heading\" data-id=\"71c4b2d\" data-element_type=\"widget\" data-e-type=\"widget\" data-settings=\"{&quot;ekit_we_effect_on&quot;:&quot;none&quot;}\" data-widget_type=\"heading.default\">\n\t\t\t\t<div class=\"elementor-widget-container\">\n\t\t\t\t\t<h2 class=\"elementor-heading-title elementor-size-default\">Tutto quello che devi sapere sulla cura dei denti<\/h2>\t\t\t\t<\/div>\n\t\t\t\t<\/div>\n\t\t\t\t<div class=\"elementor-element elementor-element-492fd4e v2-our-faqs-accordion elementor-widget elementor-widget-elementskit-accordion\" data-id=\"492fd4e\" data-element_type=\"widget\" data-e-type=\"widget\" data-settings=\"{&quot;ekit_we_effect_on&quot;:&quot;none&quot;}\" data-widget_type=\"elementskit-accordion.default\">\n\t\t\t\t<div class=\"elementor-widget-container\">\n\t\t\t\t\t<div class=\"ekit-wid-con\" >\n        <div class=\"elementskit-accordion accoedion-primary\" id=\"accordion-69e1b2286051f\">\n\n            \n                <div class=\"elementskit-card active\">\n                    <div class=\"elementskit-card-header\" id=\"primaryHeading-0-492fd4e\">\n                        <a href=\"#collapse-9dcfa4d69e1b2286051f\" class=\"ekit-accordion--toggler elementskit-btn-link collapsed\" data-ekit-toggle=\"collapse\" data-target=\"#Collapse-9dcfa4d69e1b2286051f\" aria-expanded=\"true\" aria-controls=\"Collapse-9dcfa4d69e1b2286051f\">\n                            \n                            <span class=\"ekit-accordion-title\">Con Quale Frequenza Dovrei Andare Dal Dentista?<\/span>\n\n                            \n                                <div class=\"ekit_accordion_icon_group\">\n                                    <div class=\"ekit_accordion_normal_icon\">\n                                        <!-- Normal Icon -->\n\t\t\t\t\t\t\t\t\t\t<i class=\"fas fa-plus\"><\/i>                                    <\/div>\n\n                                    <div class=\"ekit_accordion_active_icon\">\n                                        <!-- Active Icon -->\n\t\t\t\t\t\t\t\t\t\t<i class=\"fas fa-minus\"><\/i>                                    <\/div>\n                                <\/div>\n\n                            \n                                                    <\/a>\n                    <\/div>\n\n                    <div id=\"Collapse-9dcfa4d69e1b2286051f\" class=\"show collapse\" aria-labelledby=\"primaryHeading-0-492fd4e\" data-parent=\"#accordion-69e1b2286051f\">\n\n                        <div class=\"elementskit-card-body ekit-accordion--content\">\n                            <p>In genere si consiglia di andare dal dentista ogni sei mesi per controlli e pulizie di routine. Tuttavia, il tuo dentista potrebbe suggerire visite pi\u00f9 frequenti in base alle tue esigenze di salute orale.<\/p>                        <\/div>\n\n                    <\/div>\n\n                <\/div><!-- .elementskit-card END -->\n\n                \n                <div class=\"elementskit-card\">\n                    <div class=\"elementskit-card-header\" id=\"primaryHeading-1-492fd4e\">\n                        <a href=\"#collapse-ae70aa869e1b2286051f\" class=\"ekit-accordion--toggler elementskit-btn-link collapsed\" data-ekit-toggle=\"collapse\" data-target=\"#Collapse-ae70aa869e1b2286051f\" aria-expanded=\"false\" aria-controls=\"Collapse-ae70aa869e1b2286051f\">\n                            \n                            <span class=\"ekit-accordion-title\">Cosa Devo Aspettarmi Dal Mio Primo Appuntamento Dal Dentista?<\/span>\n\n                            \n                                <div class=\"ekit_accordion_icon_group\">\n                                    <div class=\"ekit_accordion_normal_icon\">\n                                        <!-- Normal Icon -->\n\t\t\t\t\t\t\t\t\t\t<i class=\"fas fa-plus\"><\/i>                                    <\/div>\n\n                                    <div class=\"ekit_accordion_active_icon\">\n                                        <!-- Active Icon -->\n\t\t\t\t\t\t\t\t\t\t<i class=\"fas fa-minus\"><\/i>                                    <\/div>\n                                <\/div>\n\n                            \n                                                    <\/a>\n                    <\/div>\n\n                    <div id=\"Collapse-ae70aa869e1b2286051f\" class=\"collapse\" aria-labelledby=\"primaryHeading-1-492fd4e\" data-parent=\"#accordion-69e1b2286051f\">\n\n                        <div class=\"elementskit-card-body ekit-accordion--content\">\n                            <p>Durante la tua prima visita, puoi aspettarti un caloroso benvenuto e una consulenza approfondita con il nostro team. Ci prenderemo il tempo di ascoltare le tue preoccupazioni e discutere i tuoi obiettivi dentali. L'appuntamento in genere include un esame completo, possibilmente radiografie, per valutare la tua salute orale. Esamineremo tutti i trattamenti necessari e creeremo un piano personalizzato su misura per le tue esigenze. Il nostro obiettivo \u00e8 farti sentire a tuo agio e informato in ogni fase del percorso, assicurandoti un'esperienza positiva mentre iniziamo il tuo percorso dentale.<\/p>                        <\/div>\n\n                    <\/div>\n\n                <\/div><!-- .elementskit-card END -->\n\n                \n                <div class=\"elementskit-card\">\n                    <div class=\"elementskit-card-header\" id=\"primaryHeading-2-492fd4e\">\n                        <a href=\"#collapse-fd98bf569e1b2286051f\" class=\"ekit-accordion--toggler elementskit-btn-link collapsed\" data-ekit-toggle=\"collapse\" data-target=\"#Collapse-fd98bf569e1b2286051f\" aria-expanded=\"false\" aria-controls=\"Collapse-fd98bf569e1b2286051f\">\n                            \n                            <span class=\"ekit-accordion-title\">I Vostri Trattamenti Odontoiatrici Sono Sicuri Per i Bambini?<\/span>\n\n                            \n                                <div class=\"ekit_accordion_icon_group\">\n                                    <div class=\"ekit_accordion_normal_icon\">\n                                        <!-- Normal Icon -->\n\t\t\t\t\t\t\t\t\t\t<i class=\"fas fa-plus\"><\/i>                                    <\/div>\n\n                                    <div class=\"ekit_accordion_active_icon\">\n                                        <!-- Active Icon -->\n\t\t\t\t\t\t\t\t\t\t<i class=\"fas fa-minus\"><\/i>                                    <\/div>\n                                <\/div>\n\n                            \n                                                    <\/a>\n                    <\/div>\n\n                    <div id=\"Collapse-fd98bf569e1b2286051f\" class=\"collapse\" aria-labelledby=\"primaryHeading-2-492fd4e\" data-parent=\"#accordion-69e1b2286051f\">\n\n                        <div class=\"elementskit-card-body ekit-accordion--content\">\n                            <p>S\u00ec, i nostri trattamenti odontoiatrici sono sicuri per i bambini. Diamo priorit\u00e0 alla salute e al comfort dei nostri pazienti pi\u00f9 giovani utilizzando tecniche e materiali adatti all'et\u00e0. Ci concentriamo sulla prevenzione e sull'educazione per stabilire buone abitudini di igiene orale fin dall'inizio. Che si tratti di controlli di routine, otturazioni o altri trattamenti, garantiamo che tutte le procedure siano personalizzate per soddisfare le esigenze specifiche dei bambini, promuovendo un'esperienza odontoiatrica positiva.<\/p>                        <\/div>\n\n                    <\/div>\n\n                <\/div><!-- .elementskit-card END -->\n\n                \n                <div class=\"elementskit-card\">\n                    <div class=\"elementskit-card-header\" id=\"primaryHeading-3-492fd4e\">\n                        <a href=\"#collapse-d55ea5c69e1b2286051f\" class=\"ekit-accordion--toggler elementskit-btn-link collapsed\" data-ekit-toggle=\"collapse\" data-target=\"#Collapse-d55ea5c69e1b2286051f\" aria-expanded=\"false\" aria-controls=\"Collapse-d55ea5c69e1b2286051f\">\n                            \n                            <span class=\"ekit-accordion-title\">\u00c8 sicuro usare il collutorio tutti i giorni?<\/span>\n\n                            \n                                <div class=\"ekit_accordion_icon_group\">\n                                    <div class=\"ekit_accordion_normal_icon\">\n                                        <!-- Normal Icon -->\n\t\t\t\t\t\t\t\t\t\t<i class=\"fas fa-plus\"><\/i>                                    <\/div>\n\n                                    <div class=\"ekit_accordion_active_icon\">\n                                        <!-- Active Icon -->\n\t\t\t\t\t\t\t\t\t\t<i class=\"fas fa-minus\"><\/i>                                    <\/div>\n                                <\/div>\n\n                            \n                                                    <\/a>\n                    <\/div>\n\n                    <div id=\"Collapse-d55ea5c69e1b2286051f\" class=\"collapse\" aria-labelledby=\"primaryHeading-3-492fd4e\" data-parent=\"#accordion-69e1b2286051f\">\n\n                        <div class=\"elementskit-card-body ekit-accordion--content\">\n                            <p>S\u00ec, usare il collutorio ogni giorno pu\u00f2 essere sicuro e benefico per la salute orale, ma \u00e8 importante scegliere il tipo giusto di collutorio. I collutori al fluoro possono aiutare a prevenire le carie, mentre quelli con agenti antimicrobici possono ridurre la placca e le malattie gengivali. Tuttavia, alcuni collutori con un alto contenuto di alcol possono causare secchezza delle fauci o irritazione se usati troppo frequentemente. \u00c8 meglio consultare il dentista per sapere quale collutorio \u00e8 pi\u00f9 adatto alle tue specifiche esigenze di salute orale.<\/p>                        <\/div>\n\n                    <\/div>\n\n                <\/div><!-- .elementskit-card END -->\n\n                \n                <div class=\"elementskit-card\">\n                    <div class=\"elementskit-card-header\" id=\"primaryHeading-4-492fd4e\">\n                        <a href=\"#collapse-8923a7d69e1b2286051f\" class=\"ekit-accordion--toggler elementskit-btn-link collapsed\" data-ekit-toggle=\"collapse\" data-target=\"#Collapse-8923a7d69e1b2286051f\" aria-expanded=\"false\" aria-controls=\"Collapse-8923a7d69e1b2286051f\">\n                            \n                            <span class=\"ekit-accordion-title\">Come posso prevenire le carie?<\/span>\n\n                            \n                                <div class=\"ekit_accordion_icon_group\">\n                                    <div class=\"ekit_accordion_normal_icon\">\n                                        <!-- Normal Icon -->\n\t\t\t\t\t\t\t\t\t\t<i class=\"fas fa-plus\"><\/i>                                    <\/div>\n\n                                    <div class=\"ekit_accordion_active_icon\">\n                                        <!-- Active Icon -->\n\t\t\t\t\t\t\t\t\t\t<i class=\"fas fa-minus\"><\/i>                                    <\/div>\n                                <\/div>\n\n                            \n                                                    <\/a>\n                    <\/div>\n\n                    <div id=\"Collapse-8923a7d69e1b2286051f\" class=\"collapse\" aria-labelledby=\"primaryHeading-4-492fd4e\" data-parent=\"#accordion-69e1b2286051f\">\n\n                        <div class=\"elementskit-card-body ekit-accordion--content\">\n                            <p>Il modo migliore per prevenire le carie \u00e8 mantenere una routine di igiene orale costante. Lavatevi i denti almeno due volte al giorno con un dentifricio al fluoro, passate il filo interdentale ogni giorno per rimuovere la placca tra i denti e usate il collutorio per aiutare a ridurre i batteri. Inoltre, limitate gli snack e le bevande zuccherate, poich\u00e9 possono contribuire alla carie. Anche i controlli dentistici regolari sono essenziali per individuare i primi segni di carie e mantenere i denti sani.<\/p>                        <\/div>\n\n                    <\/div>\n\n                <\/div><!-- .elementskit-card END -->\n\n                                        <\/div>\n    <\/div>\t\t\t\t<\/div>\n\t\t\t\t<\/div>\n\t\t\t\t<\/div>\n\t\t\t\t<\/div>\n\t\t<div class=\"elementor-element elementor-element-d7303b7 e-con-full e-flex e-con e-child\" data-id=\"d7303b7\" data-element_type=\"container\" data-e-type=\"container\">\n\t\t<div class=\"elementor-element elementor-element-d1f3d43 e-con-full sticky-column e-flex e-con e-child\" data-id=\"d1f3d43\" data-element_type=\"container\" data-e-type=\"container\">\n\t\t\t\t<div class=\"elementor-element elementor-element-2048a64 elementor-widget elementor-widget-primecare-elementor-template\" data-id=\"2048a64\" data-element_type=\"widget\" data-e-type=\"widget\" data-settings=\"{&quot;ekit_we_effect_on&quot;:&quot;none&quot;}\" data-widget_type=\"primecare-elementor-template.default\">\n\t\t\t\t<div class=\"elementor-widget-container\">\n\t\t\t\t\t\t\t<div class=\"elementor-template\">\n\t\t\t\t\t<\/div>\n\t\t\t\t\t\t<\/div>\n\t\t\t\t<\/div>\n\t\t\t\t<\/div>\n\t\t\t\t<\/div>\n\t\t\t\t\t<\/div>\n\t\t\t\t<\/div>\n\t\t\t\t<\/div>","protected":false},"excerpt":{"rendered":"<p>Dental Care Home Dental care involves a range of services focused on keeping your teeth [&hellip;]<\/p>\n","protected":false},"author":1,"featured_media":0,"parent":101,"menu_order":0,"comment_status":"closed","ping_status":"closed","template":"elementor_header_footer","meta":{"footnotes":""},"class_list":["post-2485","page","type-page","status-publish","hentry"],"_links":{"self":[{"href":"https:\/\/ripadent.com\/it\/wp-json\/wp\/v2\/pages\/2485","targetHints":{"allow":["GET"]}}],"collection":[{"href":"https:\/\/ripadent.com\/it\/wp-json\/wp\/v2\/pages"}],"about":[{"href":"https:\/\/ripadent.com\/it\/wp-json\/wp\/v2\/types\/page"}],"author":[{"embeddable":true,"href":"https:\/\/ripadent.com\/it\/wp-json\/wp\/v2\/users\/1"}],"replies":[{"embeddable":true,"href":"https:\/\/ripadent.com\/it\/wp-json\/wp\/v2\/comments?post=2485"}],"version-history":[{"count":55,"href":"https:\/\/ripadent.com\/it\/wp-json\/wp\/v2\/pages\/2485\/revisions"}],"predecessor-version":[{"id":8739,"href":"https:\/\/ripadent.com\/it\/wp-json\/wp\/v2\/pages\/2485\/revisions\/8739"}],"up":[{"embeddable":true,"href":"https:\/\/ripadent.com\/it\/wp-json\/wp\/v2\/pages\/101"}],"wp:attachment":[{"href":"https:\/\/ripadent.com\/it\/wp-json\/wp\/v2\/media?parent=2485"}],"curies":[{"name":"wp","href":"https:\/\/api.w.org\/{rel}","templated":true}]}}